{"id":520,"date":"2026-02-08T14:33:05","date_gmt":"2026-02-08T14:33:05","guid":{"rendered":"https:\/\/brbgroup.bbaajans.com\/?page_id=520"},"modified":"2026-02-27T18:47:17","modified_gmt":"2026-02-27T18:47:17","slug":"centre-de-transformation-de-la-tole","status":"publish","type":"page","link":"https:\/\/brbgroup.bbaajans.com\/fr\/nos-services\/centre-de-transformation-de-la-tole\/","title":{"rendered":"Centre de transformation de la t\u00f4le"},"content":{"rendered":"\t\t<div data-elementor-type=\"wp-page\" data-elementor-id=\"520\" class=\"elementor elementor-520\" data-elementor-post-type=\"page\">\n\t\t\t\t<div class=\"elementor-element elementor-element-c24ce52 e-flex e-con-boxed e-con e-parent\" data-id=\"c24ce52\" data-element_type=\"container\" data-e-type=\"container\" data-settings=\"{&quot;background_background&quot;:&quot;classic&quot;}\">\n\t\t\t\t\t<div class=\"e-con-inner\">\n\t\t<div class=\"elementor-element elementor-element-49fd34e e-con-full e-flex e-con e-child\" data-id=\"49fd34e\" data-element_type=\"container\" data-e-type=\"container\">\n\t\t\t\t<div class=\"elementor-element elementor-element-34991f7 elementor-widget elementor-widget-heading\" data-id=\"34991f7\" data-element_type=\"widget\" data-e-type=\"widget\" data-widget_type=\"heading.default\">\n\t\t\t\t\t<h1 class=\"elementor-heading-title elementor-size-default\">Centre de transformation de la t\u00f4le <br> Usinage de pr\u00e9cision, R\u00e9sistance maximale.<\/h1>\t\t\t\t<\/div>\n\t\t\t\t<div class=\"elementor-element elementor-element-600f323 elementor-widget elementor-widget-text-editor\" data-id=\"600f323\" data-element_type=\"widget\" data-e-type=\"widget\" data-widget_type=\"text-editor.default\">\n\t\t\t\t\t\t\t\t\t<p>Notre centre de transformation de la t\u00f4le r\u00e9pond avec une grande pr\u00e9cision \u00e0 tous vos besoins de production, des structures industrielles aux projets sp\u00e9ciaux. Nous utilisons des machines modernes et une approche de production ax\u00e9e sur l&rsquo;ing\u00e9nierie pour la d\u00e9coupe laser, le pliage, le soudage et la pr\u00e9paration de surface. Qualit\u00e9 parfaite, livraison rapide et durabilit\u00e9 maximale Nous proposons.<\/p><p><br \/>Gr\u00e2ce \u00e0 nos techniques de production optimis\u00e9es pour chaque projet, nous visons \u00e0 renforcer la capacit\u00e9 de production de vos entreprises en d\u00e9veloppant des solutions \u00e0 la fois \u00e9conomiques et durables.<\/p>\t\t\t\t\t\t\t\t<\/div>\n\t\t<div class=\"elementor-element elementor-element-39da88d e-con-full e-flex e-con e-child\" data-id=\"39da88d\" data-element_type=\"container\" data-e-type=\"container\">\n\t\t\t\t<div class=\"elementor-element elementor-element-23356ef elementor-icon-list--layout-traditional elementor-list-item-link-full_width elementor-widget elementor-widget-icon-list\" data-id=\"23356ef\" data-element_type=\"widget\" data-e-type=\"widget\" data-widget_type=\"icon-list.default\">\n\t\t\t\t\t\t\t<ul class=\"elementor-icon-list-items\">\n\t\t\t\t\t\t\t<li class=\"elementor-icon-list-item\">\n\t\t\t\t\t\t\t\t\t\t\t<span class=\"elementor-icon-list-icon\">\n\t\t\t\t\t\t\t<svg aria-hidden=\"true\" class=\"e-font-icon-svg e-fas-check-circle\" viewBox=\"0 0 512 512\" xmlns=\"http:\/\/www.w3.org\/2000\/svg\"><path d=\"M504 256c0 136.967-111.033 248-248 248S8 392.967 8 256 119.033 8 256 8s248 111.033 248 248zM227.314 387.314l184-184c6.248-6.248 6.248-16.379 0-22.627l-22.627-22.627c-6.248-6.249-16.379-6.249-22.628 0L216 308.118l-70.059-70.059c-6.248-6.248-16.379-6.248-22.628 0l-22.627 22.627c-6.248 6.248-6.248 16.379 0 22.627l104 104c6.249 6.249 16.379 6.249 22.628.001z\"><\/path><\/svg>\t\t\t\t\t\t<\/span>\n\t\t\t\t\t\t\t\t\t\t<span class=\"elementor-icon-list-text\">Pr\u00e9cis, Rapide et Efficace<\/span>\n\t\t\t\t\t\t\t\t\t<\/li>\n\t\t\t\t\t\t\t\t<li class=\"elementor-icon-list-item\">\n\t\t\t\t\t\t\t\t\t\t\t<span class=\"elementor-icon-list-icon\">\n\t\t\t\t\t\t\t<svg aria-hidden=\"true\" class=\"e-font-icon-svg e-fas-check-circle\" viewBox=\"0 0 512 512\" xmlns=\"http:\/\/www.w3.org\/2000\/svg\"><path d=\"M504 256c0 136.967-111.033 248-248 248S8 392.967 8 256 119.033 8 256 8s248 111.033 248 248zM227.314 387.314l184-184c6.248-6.248 6.248-16.379 0-22.627l-22.627-22.627c-6.248-6.249-16.379-6.249-22.628 0L216 308.118l-70.059-70.059c-6.248-6.248-16.379-6.248-22.628 0l-22.627 22.627c-6.248 6.248-6.248 16.379 0 22.627l104 104c6.249 6.249 16.379 6.249 22.628.001z\"><\/path><\/svg>\t\t\t\t\t\t<\/span>\n\t\t\t\t\t\t\t\t\t\t<span class=\"elementor-icon-list-text\">Puissant, rapide et \u00e9conomique sur les m\u00e9taux \u00e9pais.<\/span>\n\t\t\t\t\t\t\t\t\t<\/li>\n\t\t\t\t\t\t\t\t<li class=\"elementor-icon-list-item\">\n\t\t\t\t\t\t\t\t\t\t\t<span class=\"elementor-icon-list-icon\">\n\t\t\t\t\t\t\t<svg aria-hidden=\"true\" class=\"e-font-icon-svg e-fas-check-circle\" viewBox=\"0 0 512 512\" xmlns=\"http:\/\/www.w3.org\/2000\/svg\"><path d=\"M504 256c0 136.967-111.033 248-248 248S8 392.967 8 256 119.033 8 256 8s248 111.033 248 248zM227.314 387.314l184-184c6.248-6.248 6.248-16.379 0-22.627l-22.627-22.627c-6.248-6.249-16.379-6.249-22.628 0L216 308.118l-70.059-70.059c-6.248-6.248-16.379-6.248-22.628 0l-22.627 22.627c-6.248 6.248-6.248 16.379 0 22.627l104 104c6.249 6.249 16.379 6.249 22.628.001z\"><\/path><\/svg>\t\t\t\t\t\t<\/span>\n\t\t\t\t\t\t\t\t\t\t<span class=\"elementor-icon-list-text\">Esth\u00e9tique et Durable<\/span>\n\t\t\t\t\t\t\t\t\t<\/li>\n\t\t\t\t\t\t<\/ul>\n\t\t\t\t\t\t<\/div>\n\t\t\t\t<\/div>\n\t\t\t\t<\/div>\n\t\t<div class=\"elementor-element elementor-element-cf96e5a e-con-full e-flex e-con e-child\" data-id=\"cf96e5a\" data-element_type=\"container\" data-e-type=\"container\">\n\t\t\t\t<div class=\"elementor-element elementor-element-885158c elementor-button-align-stretch elementor-widget elementor-widget-form\" data-id=\"885158c\" data-element_type=\"widget\" data-e-type=\"widget\" data-settings=\"{&quot;step_next_label&quot;:&quot;Next&quot;,&quot;step_previous_label&quot;:&quot;Previous&quot;,&quot;button_width&quot;:&quot;100&quot;,&quot;step_type&quot;:&quot;number_text&quot;,&quot;step_icon_shape&quot;:&quot;circle&quot;}\" data-widget_type=\"form.default\">\n\t\t\t\t\t\t\t<form class=\"elementor-form\" method=\"post\" name=\"Iletisim - Sac Isleme Merkezi\" aria-label=\"Iletisim - Sac Isleme Merkezi\">\n\t\t\t<input type=\"hidden\" name=\"post_id\" value=\"520\"\/>\n\t\t\t<input type=\"hidden\" name=\"form_id\" value=\"885158c\"\/>\n\t\t\t<input type=\"hidden\" name=\"referer_title\" value=\"\" \/>\n\n\t\t\t\n\t\t\t<div class=\"elementor-form-fields-wrapper elementor-labels-\">\n\t\t\t\t\t\t\t\t<div class=\"elementor-field-type-text elementor-field-group elementor-column elementor-field-group-name elementor-col-100 elementor-field-required\">\n\t\t\t\t\t\t\t\t\t\t\t\t<label for=\"form-field-name\" class=\"elementor-field-label elementor-screen-only\">\n\t\t\t\t\t\t\t\t\u0130sim\t\t\t\t\t\t\t<\/label>\n\t\t\t\t\t\t\t\t\t\t\t\t\t\t<input size=\"1\" type=\"text\" name=\"form_fields[name]\" id=\"form-field-name\" class=\"elementor-field elementor-size-sm  elementor-field-textual\" placeholder=\"\u0130sim Soyisim\" required=\"required\">\n\t\t\t\t\t\t\t\t\t\t\t<\/div>\n\t\t\t\t\t\t\t\t<div class=\"elementor-field-type-text elementor-field-group elementor-column elementor-field-group-field_a54d6b2 elementor-col-100 elementor-field-required\">\n\t\t\t\t\t\t\t\t\t\t\t\t<label for=\"form-field-field_a54d6b2\" class=\"elementor-field-label elementor-screen-only\">\n\t\t\t\t\t\t\t\t\u015eirket\t\t\t\t\t\t\t<\/label>\n\t\t\t\t\t\t\t\t\t\t\t\t\t\t<input size=\"1\" type=\"text\" name=\"form_fields[field_a54d6b2]\" id=\"form-field-field_a54d6b2\" class=\"elementor-field elementor-size-sm  elementor-field-textual\" placeholder=\"\u015eirket\" required=\"required\">\n\t\t\t\t\t\t\t\t\t\t\t<\/div>\n\t\t\t\t\t\t\t\t<div class=\"elementor-field-type-email elementor-field-group elementor-column elementor-field-group-email elementor-col-100 elementor-field-required\">\n\t\t\t\t\t\t\t\t\t\t\t\t<label for=\"form-field-email\" class=\"elementor-field-label elementor-screen-only\">\n\t\t\t\t\t\t\t\tEmail\t\t\t\t\t\t\t<\/label>\n\t\t\t\t\t\t\t\t\t\t\t\t\t\t<input size=\"1\" type=\"email\" name=\"form_fields[email]\" id=\"form-field-email\" class=\"elementor-field elementor-size-sm  elementor-field-textual\" placeholder=\"Email\" required=\"required\">\n\t\t\t\t\t\t\t\t\t\t\t<\/div>\n\t\t\t\t\t\t\t\t<div class=\"elementor-field-type-tel elementor-field-group elementor-column elementor-field-group-field_9d481ea elementor-col-100 elementor-field-required\">\n\t\t\t\t\t\t\t\t\t\t\t\t<label for=\"form-field-field_9d481ea\" class=\"elementor-field-label elementor-screen-only\">\n\t\t\t\t\t\t\t\tTelefon\t\t\t\t\t\t\t<\/label>\n\t\t\t\t\t\t\t\t<input size=\"1\" type=\"tel\" name=\"form_fields[field_9d481ea]\" id=\"form-field-field_9d481ea\" class=\"elementor-field elementor-size-sm  elementor-field-textual\" placeholder=\"Telefon\" required=\"required\" pattern=\"[0-9()#&amp;+*-=.]+\" title=\"Seuls les caract\u00e8res de num\u00e9ros de t\u00e9l\u00e9phone (#, -, *, etc.) sont accept\u00e9s.\">\n\n\t\t\t\t\t\t<\/div>\n\t\t\t\t\t\t\t\t<div class=\"elementor-field-type-select elementor-field-group elementor-column elementor-field-group-field_a94bc16 elementor-col-100 elementor-field-required\">\n\t\t\t\t\t\t\t\t\t\t\t\t<label for=\"form-field-field_a94bc16\" class=\"elementor-field-label elementor-screen-only\">\n\t\t\t\t\t\t\t\tKonu\t\t\t\t\t\t\t<\/label>\n\t\t\t\t\t\t\t\t<div class=\"elementor-field elementor-select-wrapper remove-before \">\n\t\t\t<div class=\"select-caret-down-wrapper\">\n\t\t\t\t<svg aria-hidden=\"true\" class=\"e-font-icon-svg e-eicon-caret-down\" viewBox=\"0 0 571.4 571.4\" xmlns=\"http:\/\/www.w3.org\/2000\/svg\"><path d=\"M571 393Q571 407 561 418L311 668Q300 679 286 679T261 668L11 418Q0 407 0 393T11 368 36 357H536Q550 357 561 368T571 393Z\"><\/path><\/svg>\t\t\t<\/div>\n\t\t\t<select name=\"form_fields[field_a94bc16]\" id=\"form-field-field_a94bc16\" class=\"elementor-field-textual elementor-size-sm\" required=\"required\">\n\t\t\t\t\t\t\t\t\t<option value=\"BRB Colours\">BRB Colours<\/option>\n\t\t\t\t\t\t\t\t\t<option value=\"\u00d6zel Projeler\">\u00d6zel Projeler<\/option>\n\t\t\t\t\t\t\t\t\t<option value=\"Genel Bilgi Talebi\">Genel Bilgi Talebi<\/option>\n\t\t\t\t\t\t\t\t\t<option value=\"Raflar\">Raflar<\/option>\n\t\t\t\t\t\t\t\t\t<option value=\"\u00c7elik Konstr\u00fcksiyon\">\u00c7elik Konstr\u00fcksiyon<\/option>\n\t\t\t\t\t\t\t\t\t<option value=\"Sac \u0130\u015fleme Merkezi\">Sac \u0130\u015fleme Merkezi<\/option>\n\t\t\t\t\t\t\t<\/select>\n\t\t<\/div>\n\t\t\t\t\t\t<\/div>\n\t\t\t\t\t\t\t\t<div class=\"elementor-field-type-textarea elementor-field-group elementor-column elementor-field-group-message elementor-col-100\">\n\t\t\t\t\t\t\t\t\t\t\t\t<label for=\"form-field-message\" class=\"elementor-field-label elementor-screen-only\">\n\t\t\t\t\t\t\t\tMesaj\t\t\t\t\t\t\t<\/label>\n\t\t\t\t\t\t<textarea class=\"elementor-field-textual elementor-field  elementor-size-sm\" name=\"form_fields[message]\" id=\"form-field-message\" rows=\"4\" placeholder=\"Varsa ek detaylar...\"><\/textarea>\t\t\t\t<\/div>\n\t\t\t\t\t\t\t\t<div class=\"elementor-field-group elementor-column elementor-field-type-submit elementor-col-100 e-form__buttons\">\n\t\t\t\t\t<button class=\"elementor-button elementor-size-sm\" type=\"submit\">\n\t\t\t\t\t\t<span class=\"elementor-button-content-wrapper\">\n\t\t\t\t\t\t\t\t\t\t\t\t\t\t\t<span class=\"elementor-button-icon\">\n\t\t\t\t\t\t\t\t\t<svg aria-hidden=\"true\" class=\"e-font-icon-svg e-fas-arrow-right\" viewBox=\"0 0 448 512\" xmlns=\"http:\/\/www.w3.org\/2000\/svg\"><path d=\"M190.5 66.9l22.2-22.2c9.4-9.4 24.6-9.4 33.9 0L441 239c9.4 9.4 9.4 24.6 0 33.9L246.6 467.3c-9.4 9.4-24.6 9.4-33.9 0l-22.2-22.2c-9.5-9.5-9.3-25 .4-34.3L311.4 296H24c-13.3 0-24-10.7-24-24v-32c0-13.3 10.7-24 24-24h287.4L190.9 101.2c-9.8-9.3-10-24.8-.4-34.3z\"><\/path><\/svg>\t\t\t\t\t\t\t\t\t\t\t\t\t\t\t\t\t<\/span>\n\t\t\t\t\t\t\t\t\t\t\t\t\t\t\t\t\t\t\t\t\t\t<span class=\"elementor-button-text\">G\u00f6nder<\/span>\n\t\t\t\t\t\t\t\t\t\t\t\t\t<\/span>\n\t\t\t\t\t<\/button>\n\t\t\t\t<\/div>\n\t\t\t<\/div>\n\t\t<\/form>\n\t\t\t\t\t\t<\/div>\n\t\t\t\t<\/div>\n\t\t\t\t\t<\/div>\n\t\t\t\t<\/div>\n\t\t<div class=\"elementor-element elementor-element-aafc3b7 e-flex e-con-boxed e-con e-parent\" data-id=\"aafc3b7\" data-element_type=\"container\" data-e-type=\"container\">\n\t\t\t\t\t<div class=\"e-con-inner\">\n\t\t<div class=\"elementor-element elementor-element-c1c98bf e-con-full e-flex e-con e-child\" data-id=\"c1c98bf\" data-element_type=\"container\" data-e-type=\"container\">\n\t\t<div class=\"elementor-element elementor-element-e40bdf1 e-con-full e-flex e-con e-child\" data-id=\"e40bdf1\" data-element_type=\"container\" data-e-type=\"container\">\n\t\t\t\t<div class=\"elementor-element elementor-element-a8656b1 elementor-position-top elementor-widget elementor-widget-image-box\" data-id=\"a8656b1\" data-element_type=\"widget\" data-e-type=\"widget\" data-widget_type=\"image-box.default\">\n\t\t\t\t\t<div class=\"elementor-image-box-wrapper\"><figure class=\"elementor-image-box-img\"><img fetchpriority=\"high\" decoding=\"async\" width=\"1200\" height=\"630\" src=\"https:\/\/brbgroup.bbaajans.com\/wp-content\/uploads\/2026\/02\/1-4.jpg\" class=\"attachment-full size-full wp-image-177\" alt=\"\" srcset=\"https:\/\/brbgroup.bbaajans.com\/wp-content\/uploads\/2026\/02\/1-4.jpg 1200w, https:\/\/brbgroup.bbaajans.com\/wp-content\/uploads\/2026\/02\/1-4-300x158.jpg 300w, https:\/\/brbgroup.bbaajans.com\/wp-content\/uploads\/2026\/02\/1-4-1024x538.jpg 1024w, https:\/\/brbgroup.bbaajans.com\/wp-content\/uploads\/2026\/02\/1-4-768x403.jpg 768w\" sizes=\"(max-width: 1200px) 100vw, 1200px\" \/><\/figure><div class=\"elementor-image-box-content\"><h3 class=\"elementor-image-box-title\">Services de d\u00e9coupe laser<\/h3><p class=\"elementor-image-box-description\">Les services de d\u00e9coupe laser du groupe BRB apportent haute pr\u00e9cision, rapidit\u00e9 et qualit\u00e9 aux processus de production industrielle. Nos syst\u00e8mes de d\u00e9coupe, \u00e9quip\u00e9s de la technologie laser \u00e0 fibre, d\u00e9coupe de t\u00f4les d'acier, d'acier inoxydable, d'aluminium et autres m\u00e9taux avec une pr\u00e9cision millim\u00e9trique r\u00e9pond aux besoins en mati\u00e8re de prototypage et de production de masse.\n<br><br>\nLa d\u00e9coupe laser, un \u00e9l\u00e9ment indispensable des lignes de production modernes ; Faible marge d'erreur, bords nets, temps de traitement rapide et \u00e9conomies de mat\u00e9riaux Il offre des avantages tels que.<\/p><\/div><\/div>\t\t\t\t<\/div>\n\t\t\t\t<\/div>\n\t\t<div class=\"elementor-element elementor-element-72738e7 e-con-full e-flex e-con e-child\" data-id=\"72738e7\" data-element_type=\"container\" data-e-type=\"container\">\n\t\t\t\t<div class=\"elementor-element elementor-element-b57f14d elementor-position-top elementor-widget elementor-widget-image-box\" data-id=\"b57f14d\" data-element_type=\"widget\" data-e-type=\"widget\" data-widget_type=\"image-box.default\">\n\t\t\t\t\t<div class=\"elementor-image-box-wrapper\"><figure class=\"elementor-image-box-img\"><img decoding=\"async\" width=\"1200\" height=\"630\" src=\"https:\/\/brbgroup.bbaajans.com\/wp-content\/uploads\/2026\/02\/2-4.jpg\" class=\"attachment-full size-full wp-image-178\" alt=\"\" srcset=\"https:\/\/brbgroup.bbaajans.com\/wp-content\/uploads\/2026\/02\/2-4.jpg 1200w, https:\/\/brbgroup.bbaajans.com\/wp-content\/uploads\/2026\/02\/2-4-300x158.jpg 300w, https:\/\/brbgroup.bbaajans.com\/wp-content\/uploads\/2026\/02\/2-4-1024x538.jpg 1024w, https:\/\/brbgroup.bbaajans.com\/wp-content\/uploads\/2026\/02\/2-4-768x403.jpg 768w\" sizes=\"(max-width: 1200px) 100vw, 1200px\" \/><\/figure><div class=\"elementor-image-box-content\"><h3 class=\"elementor-image-box-title\">Services de d\u00e9coupe au plasma<\/h3><p class=\"elementor-image-box-description\">Les solutions de d\u00e9coupe plasma du Groupe BRB permettent de d\u00e9couper les m\u00e9taux conducteurs de mani\u00e8re rapide, propre et efficace gr\u00e2ce \u00e0 l'utilisation d'un gaz ionis\u00e9 \u00e0 haute temp\u00e9rature (plasma).\n<br><br>\nPrivil\u00e9gi\u00e9e notamment pour le traitement des t\u00f4les \u00e9paisses et des profil\u00e9s, cette m\u00e9thode constitue une technologie de d\u00e9coupe haute performance et parfaitement adapt\u00e9e aux exigences du terrain. Elle s'impose comme une solution incontournable pour les secteurs de la construction, de la navale, de l'industrie et des projets de structures m\u00e9talliques.<\/p><\/div><\/div>\t\t\t\t<\/div>\n\t\t\t\t<\/div>\n\t\t\t\t<\/div>\n\t\t<div class=\"elementor-element elementor-element-fcb9599 e-con-full e-flex e-con e-child\" data-id=\"fcb9599\" data-element_type=\"container\" data-e-type=\"container\">\n\t\t<div class=\"elementor-element elementor-element-bcdd0ae e-con-full e-flex e-con e-child\" data-id=\"bcdd0ae\" data-element_type=\"container\" data-e-type=\"container\">\n\t\t\t\t<div class=\"elementor-element elementor-element-9d194bb elementor-position-left elementor-vertical-align-top elementor-widget elementor-widget-image-box\" data-id=\"9d194bb\" data-element_type=\"widget\" data-e-type=\"widget\" data-widget_type=\"image-box.default\">\n\t\t\t\t\t<div class=\"elementor-image-box-wrapper\"><figure class=\"elementor-image-box-img\"><img decoding=\"async\" width=\"1200\" height=\"630\" src=\"https:\/\/brbgroup.bbaajans.com\/wp-content\/uploads\/2026\/02\/3-4.jpg\" class=\"attachment-full size-full wp-image-179\" alt=\"\" srcset=\"https:\/\/brbgroup.bbaajans.com\/wp-content\/uploads\/2026\/02\/3-4.jpg 1200w, https:\/\/brbgroup.bbaajans.com\/wp-content\/uploads\/2026\/02\/3-4-300x158.jpg 300w, https:\/\/brbgroup.bbaajans.com\/wp-content\/uploads\/2026\/02\/3-4-1024x538.jpg 1024w, https:\/\/brbgroup.bbaajans.com\/wp-content\/uploads\/2026\/02\/3-4-768x403.jpg 768w\" sizes=\"(max-width: 1200px) 100vw, 1200px\" \/><\/figure><div class=\"elementor-image-box-content\"><h3 class=\"elementor-image-box-title\">Services de pliage<\/h3><p class=\"elementor-image-box-description\">En tant que groupe BRB, nous proposons dans notre infrastructure de production moderne services de pliage de pr\u00e9cision Nous vous fournissons des t\u00f4les et des profil\u00e9s m\u00e9talliques aux angles et formes parfaitement conformes \u00e0 vos attentes.\n<br><br>\nTechnologie de pointe Nos presses plieuses CNC Gr\u00e2ce \u00e0 cette technologie, nous fa\u00e7onnons vos pi\u00e8ces m\u00e9talliques, planes apr\u00e8s d\u00e9coupe, avec une pr\u00e9cision millim\u00e9trique, m\u00eame dans les g\u00e9om\u00e9tries complexes requises par votre projet.<\/p><\/div><\/div>\t\t\t\t<\/div>\n\t\t\t\t<\/div>\n\t\t\t\t<\/div>\n\t\t\t\t\t<\/div>\n\t\t\t\t<\/div>\n\t\t\t\t<\/div>\n\t\t","protected":false},"excerpt":{"rendered":"<p>Centre de transformation de la t\u00f4le Usinage de pr\u00e9cision, R\u00e9sistance maximale. Notre centre de transformation de la t\u00f4le r\u00e9pond avec une grande pr\u00e9cision \u00e0 tous vos besoins de production, des structures industrielles aux projets sp\u00e9ciaux. Nous utilisons des machines modernes et une approche de production ax\u00e9e sur l&rsquo;ing\u00e9nierie pour la d\u00e9coupe laser, le pliage, le [&hellip;]<\/p>\n","protected":false},"author":1,"featured_media":0,"parent":481,"menu_order":0,"comment_status":"closed","ping_status":"closed","template":"","meta":{"footnotes":""},"class_list":["post-520","page","type-page","status-publish","hentry"],"_links":{"self":[{"href":"https:\/\/brbgroup.bbaajans.com\/fr\/wp-json\/wp\/v2\/pages\/520","targetHints":{"allow":["GET"]}}],"collection":[{"href":"https:\/\/brbgroup.bbaajans.com\/fr\/wp-json\/wp\/v2\/pages"}],"about":[{"href":"https:\/\/brbgroup.bbaajans.com\/fr\/wp-json\/wp\/v2\/types\/page"}],"author":[{"embeddable":true,"href":"https:\/\/brbgroup.bbaajans.com\/fr\/wp-json\/wp\/v2\/users\/1"}],"replies":[{"embeddable":true,"href":"https:\/\/brbgroup.bbaajans.com\/fr\/wp-json\/wp\/v2\/comments?post=520"}],"version-history":[{"count":4,"href":"https:\/\/brbgroup.bbaajans.com\/fr\/wp-json\/wp\/v2\/pages\/520\/revisions"}],"predecessor-version":[{"id":527,"href":"https:\/\/brbgroup.bbaajans.com\/fr\/wp-json\/wp\/v2\/pages\/520\/revisions\/527"}],"up":[{"embeddable":true,"href":"https:\/\/brbgroup.bbaajans.com\/fr\/wp-json\/wp\/v2\/pages\/481"}],"wp:attachment":[{"href":"https:\/\/brbgroup.bbaajans.com\/fr\/wp-json\/wp\/v2\/media?parent=520"}],"curies":[{"name":"wp","href":"https:\/\/api.w.org\/{rel}","templated":true}]}}