{"id":441,"date":"2026-02-08T14:31:43","date_gmt":"2026-02-08T14:31:43","guid":{"rendered":"https:\/\/brbgroup.bbaajans.com\/?page_id=441"},"modified":"2026-02-27T14:07:08","modified_gmt":"2026-02-27T14:07:08","slug":"unsere-leistungen","status":"publish","type":"page","link":"https:\/\/brbgroup.bbaajans.com\/de\/unsere-leistungen\/","title":{"rendered":"Unsere Leistungen"},"content":{"rendered":"\t\t<div data-elementor-type=\"wp-page\" data-elementor-id=\"441\" class=\"elementor elementor-441\" data-elementor-post-type=\"page\">\n\t\t\t\t<div class=\"elementor-element elementor-element-4b124ac e-flex e-con-boxed e-con e-parent\" data-id=\"4b124ac\" data-element_type=\"container\" data-e-type=\"container\" data-settings=\"{&quot;background_background&quot;:&quot;classic&quot;}\">\n\t\t\t\t\t<div class=\"e-con-inner\">\n\t\t<div class=\"elementor-element elementor-element-9995fad e-con-full e-flex e-con e-child\" data-id=\"9995fad\" data-element_type=\"container\" data-e-type=\"container\">\n\t\t\t\t<div class=\"elementor-element elementor-element-7d28c15 elementor-widget elementor-widget-heading\" data-id=\"7d28c15\" data-element_type=\"widget\" data-e-type=\"widget\" data-widget_type=\"heading.default\">\n\t\t\t\t\t<h1 class=\"elementor-heading-title elementor-size-default\">Wir verwandeln Kraft in Stahl und Wert in Projekte<\/h1>\t\t\t\t<\/div>\n\t\t\t\t<div class=\"elementor-element elementor-element-2be50d9 elementor-widget elementor-widget-text-editor\" data-id=\"2be50d9\" data-element_type=\"widget\" data-e-type=\"widget\" data-widget_type=\"text-editor.default\">\n\t\t\t\t\t\t\t\t\t<p>Durch Vor-Ort-Besichtigung, technische Berechnungen und statische L\u00f6sungen entwickeln wir vollst\u00e4ndig kompatible und optimierte Stahlbausysteme f\u00fcr all Ihre Projekte.<\/p><p>Mit erdbebensicheren, langlebigen und hochbelastbaren Stahlkonstruktionsl\u00f6sungen sorgen wir daf\u00fcr, dass Sie \u00fcber sichere Geb\u00e4ude verf\u00fcgen.<\/p>\t\t\t\t\t\t\t\t<\/div>\n\t\t<div class=\"elementor-element elementor-element-dba2f11 e-con-full e-flex e-con e-child\" data-id=\"dba2f11\" data-element_type=\"container\" data-e-type=\"container\">\n\t\t\t\t<div class=\"elementor-element elementor-element-f16b6c0 elementor-icon-list--layout-traditional elementor-list-item-link-full_width elementor-widget elementor-widget-icon-list\" data-id=\"f16b6c0\" data-element_type=\"widget\" data-e-type=\"widget\" data-widget_type=\"icon-list.default\">\n\t\t\t\t\t\t\t<ul class=\"elementor-icon-list-items\">\n\t\t\t\t\t\t\t<li class=\"elementor-icon-list-item\">\n\t\t\t\t\t\t\t\t\t\t\t<span class=\"elementor-icon-list-icon\">\n\t\t\t\t\t\t\t<svg aria-hidden=\"true\" class=\"e-font-icon-svg e-fas-check-circle\" viewBox=\"0 0 512 512\" xmlns=\"http:\/\/www.w3.org\/2000\/svg\"><path d=\"M504 256c0 136.967-111.033 248-248 248S8 392.967 8 256 119.033 8 256 8s248 111.033 248 248zM227.314 387.314l184-184c6.248-6.248 6.248-16.379 0-22.627l-22.627-22.627c-6.248-6.249-16.379-6.249-22.628 0L216 308.118l-70.059-70.059c-6.248-6.248-16.379-6.248-22.628 0l-22.627 22.627c-6.248 6.248-6.248 16.379 0 22.627l104 104c6.249 6.249 16.379 6.249 22.628.001z\"><\/path><\/svg>\t\t\t\t\t\t<\/span>\n\t\t\t\t\t\t\t\t\t\t<span class=\"elementor-icon-list-text\">Intelligente Strukturl\u00f6sungen<\/span>\n\t\t\t\t\t\t\t\t\t<\/li>\n\t\t\t\t\t\t\t\t<li class=\"elementor-icon-list-item\">\n\t\t\t\t\t\t\t\t\t\t\t<span class=\"elementor-icon-list-icon\">\n\t\t\t\t\t\t\t<svg aria-hidden=\"true\" class=\"e-font-icon-svg e-fas-check-circle\" viewBox=\"0 0 512 512\" xmlns=\"http:\/\/www.w3.org\/2000\/svg\"><path d=\"M504 256c0 136.967-111.033 248-248 248S8 392.967 8 256 119.033 8 256 8s248 111.033 248 248zM227.314 387.314l184-184c6.248-6.248 6.248-16.379 0-22.627l-22.627-22.627c-6.248-6.249-16.379-6.249-22.628 0L216 308.118l-70.059-70.059c-6.248-6.248-16.379-6.248-22.628 0l-22.627 22.627c-6.248 6.248-6.248 16.379 0 22.627l104 104c6.249 6.249 16.379 6.249 22.628.001z\"><\/path><\/svg>\t\t\t\t\t\t<\/span>\n\t\t\t\t\t\t\t\t\t\t<span class=\"elementor-icon-list-text\">Unterbrechungsfreie Best\u00e4ndigkeit<\/span>\n\t\t\t\t\t\t\t\t\t<\/li>\n\t\t\t\t\t\t\t\t<li class=\"elementor-icon-list-item\">\n\t\t\t\t\t\t\t\t\t\t\t<span class=\"elementor-icon-list-icon\">\n\t\t\t\t\t\t\t<svg aria-hidden=\"true\" class=\"e-font-icon-svg e-fas-check-circle\" viewBox=\"0 0 512 512\" xmlns=\"http:\/\/www.w3.org\/2000\/svg\"><path d=\"M504 256c0 136.967-111.033 248-248 248S8 392.967 8 256 119.033 8 256 8s248 111.033 248 248zM227.314 387.314l184-184c6.248-6.248 6.248-16.379 0-22.627l-22.627-22.627c-6.248-6.249-16.379-6.249-22.628 0L216 308.118l-70.059-70.059c-6.248-6.248-16.379-6.248-22.628 0l-22.627 22.627c-6.248 6.248-6.248 16.379 0 22.627l104 104c6.249 6.249 16.379 6.249 22.628.001z\"><\/path><\/svg>\t\t\t\t\t\t<\/span>\n\t\t\t\t\t\t\t\t\t\t<span class=\"elementor-icon-list-text\">Flexible Anwendungsm\u00f6glichkeiten<\/span>\n\t\t\t\t\t\t\t\t\t<\/li>\n\t\t\t\t\t\t\t\t<li class=\"elementor-icon-list-item\">\n\t\t\t\t\t\t\t\t\t\t\t<span class=\"elementor-icon-list-icon\">\n\t\t\t\t\t\t\t<svg aria-hidden=\"true\" class=\"e-font-icon-svg e-fas-check-circle\" viewBox=\"0 0 512 512\" xmlns=\"http:\/\/www.w3.org\/2000\/svg\"><path d=\"M504 256c0 136.967-111.033 248-248 248S8 392.967 8 256 119.033 8 256 8s248 111.033 248 248zM227.314 387.314l184-184c6.248-6.248 6.248-16.379 0-22.627l-22.627-22.627c-6.248-6.249-16.379-6.249-22.628 0L216 308.118l-70.059-70.059c-6.248-6.248-16.379-6.248-22.628 0l-22.627 22.627c-6.248 6.248-6.248 16.379 0 22.627l104 104c6.249 6.249 16.379 6.249 22.628.001z\"><\/path><\/svg>\t\t\t\t\t\t<\/span>\n\t\t\t\t\t\t\t\t\t\t<span class=\"elementor-icon-list-text\">Professionelle technische Unterst\u00fctzung<\/span>\n\t\t\t\t\t\t\t\t\t<\/li>\n\t\t\t\t\t\t<\/ul>\n\t\t\t\t\t\t<\/div>\n\t\t\t\t<\/div>\n\t\t\t\t<\/div>\n\t\t<div class=\"elementor-element elementor-element-dbd38be e-con-full e-flex e-con e-child\" data-id=\"dbd38be\" data-element_type=\"container\" data-e-type=\"container\">\n\t\t\t\t<div class=\"elementor-element elementor-element-157dca7 elementor-button-align-stretch elementor-widget elementor-widget-form\" data-id=\"157dca7\" data-element_type=\"widget\" data-e-type=\"widget\" data-settings=\"{&quot;step_next_label&quot;:&quot;Next&quot;,&quot;step_previous_label&quot;:&quot;Previous&quot;,&quot;button_width&quot;:&quot;100&quot;,&quot;step_type&quot;:&quot;number_text&quot;,&quot;step_icon_shape&quot;:&quot;circle&quot;}\" data-widget_type=\"form.default\">\n\t\t\t\t\t\t\t<form class=\"elementor-form\" method=\"post\" name=\"Iletisim - Hizmetler\" aria-label=\"Iletisim - Hizmetler\">\n\t\t\t<input type=\"hidden\" name=\"post_id\" value=\"441\"\/>\n\t\t\t<input type=\"hidden\" name=\"form_id\" value=\"157dca7\"\/>\n\t\t\t<input type=\"hidden\" name=\"referer_title\" value=\"\" \/>\n\n\t\t\t\n\t\t\t<div class=\"elementor-form-fields-wrapper elementor-labels-\">\n\t\t\t\t\t\t\t\t<div class=\"elementor-field-type-text elementor-field-group elementor-column elementor-field-group-name elementor-col-100 elementor-field-required\">\n\t\t\t\t\t\t\t\t\t\t\t\t<label for=\"form-field-name\" class=\"elementor-field-label elementor-screen-only\">\n\t\t\t\t\t\t\t\t\u0130sim\t\t\t\t\t\t\t<\/label>\n\t\t\t\t\t\t\t\t\t\t\t\t\t\t<input size=\"1\" type=\"text\" name=\"form_fields[name]\" id=\"form-field-name\" class=\"elementor-field elementor-size-sm  elementor-field-textual\" placeholder=\"\u0130sim Soyisim\" required=\"required\">\n\t\t\t\t\t\t\t\t\t\t\t<\/div>\n\t\t\t\t\t\t\t\t<div class=\"elementor-field-type-text elementor-field-group elementor-column elementor-field-group-field_a54d6b2 elementor-col-100 elementor-field-required\">\n\t\t\t\t\t\t\t\t\t\t\t\t<label for=\"form-field-field_a54d6b2\" class=\"elementor-field-label elementor-screen-only\">\n\t\t\t\t\t\t\t\t\u015eirket\t\t\t\t\t\t\t<\/label>\n\t\t\t\t\t\t\t\t\t\t\t\t\t\t<input size=\"1\" type=\"text\" name=\"form_fields[field_a54d6b2]\" id=\"form-field-field_a54d6b2\" class=\"elementor-field elementor-size-sm  elementor-field-textual\" placeholder=\"\u015eirket\" required=\"required\">\n\t\t\t\t\t\t\t\t\t\t\t<\/div>\n\t\t\t\t\t\t\t\t<div class=\"elementor-field-type-email elementor-field-group elementor-column elementor-field-group-email elementor-col-100 elementor-field-required\">\n\t\t\t\t\t\t\t\t\t\t\t\t<label for=\"form-field-email\" class=\"elementor-field-label elementor-screen-only\">\n\t\t\t\t\t\t\t\tEmail\t\t\t\t\t\t\t<\/label>\n\t\t\t\t\t\t\t\t\t\t\t\t\t\t<input size=\"1\" type=\"email\" name=\"form_fields[email]\" id=\"form-field-email\" class=\"elementor-field elementor-size-sm  elementor-field-textual\" placeholder=\"Email\" required=\"required\">\n\t\t\t\t\t\t\t\t\t\t\t<\/div>\n\t\t\t\t\t\t\t\t<div class=\"elementor-field-type-tel elementor-field-group elementor-column elementor-field-group-field_9d481ea elementor-col-100 elementor-field-required\">\n\t\t\t\t\t\t\t\t\t\t\t\t<label for=\"form-field-field_9d481ea\" class=\"elementor-field-label elementor-screen-only\">\n\t\t\t\t\t\t\t\tTelefon\t\t\t\t\t\t\t<\/label>\n\t\t\t\t\t\t\t\t<input size=\"1\" type=\"tel\" name=\"form_fields[field_9d481ea]\" id=\"form-field-field_9d481ea\" class=\"elementor-field elementor-size-sm  elementor-field-textual\" placeholder=\"Telefon\" required=\"required\" pattern=\"[0-9()#&amp;+*-=.]+\" title=\"Nur Nummern oder Telefon-Zeichen (#, -, *, etc) werden akzeptiert.\">\n\n\t\t\t\t\t\t<\/div>\n\t\t\t\t\t\t\t\t<div class=\"elementor-field-type-select elementor-field-group elementor-column elementor-field-group-field_a94bc16 elementor-col-100 elementor-field-required\">\n\t\t\t\t\t\t\t\t\t\t\t\t<label for=\"form-field-field_a94bc16\" class=\"elementor-field-label elementor-screen-only\">\n\t\t\t\t\t\t\t\tKonu\t\t\t\t\t\t\t<\/label>\n\t\t\t\t\t\t\t\t<div class=\"elementor-field elementor-select-wrapper remove-before \">\n\t\t\t<div class=\"select-caret-down-wrapper\">\n\t\t\t\t<svg aria-hidden=\"true\" class=\"e-font-icon-svg e-eicon-caret-down\" viewBox=\"0 0 571.4 571.4\" xmlns=\"http:\/\/www.w3.org\/2000\/svg\"><path d=\"M571 393Q571 407 561 418L311 668Q300 679 286 679T261 668L11 418Q0 407 0 393T11 368 36 357H536Q550 357 561 368T571 393Z\"><\/path><\/svg>\t\t\t<\/div>\n\t\t\t<select name=\"form_fields[field_a94bc16]\" id=\"form-field-field_a94bc16\" class=\"elementor-field-textual elementor-size-sm\" required=\"required\">\n\t\t\t\t\t\t\t\t\t<option value=\"Raflar\">Raflar<\/option>\n\t\t\t\t\t\t\t\t\t<option value=\"\u00c7elik Konstr\u00fcksiyon\">\u00c7elik Konstr\u00fcksiyon<\/option>\n\t\t\t\t\t\t\t\t\t<option value=\"Sac \u0130\u015fleme Merkezi\">Sac \u0130\u015fleme Merkezi<\/option>\n\t\t\t\t\t\t\t\t\t<option value=\"BRB Colours\">BRB Colours<\/option>\n\t\t\t\t\t\t\t\t\t<option value=\"\u00d6zel Projeler\">\u00d6zel Projeler<\/option>\n\t\t\t\t\t\t\t\t\t<option value=\"Genel Bilgi Talebi\">Genel Bilgi Talebi<\/option>\n\t\t\t\t\t\t\t<\/select>\n\t\t<\/div>\n\t\t\t\t\t\t<\/div>\n\t\t\t\t\t\t\t\t<div class=\"elementor-field-type-textarea elementor-field-group elementor-column elementor-field-group-message elementor-col-100\">\n\t\t\t\t\t\t\t\t\t\t\t\t<label for=\"form-field-message\" class=\"elementor-field-label elementor-screen-only\">\n\t\t\t\t\t\t\t\tMesaj\t\t\t\t\t\t\t<\/label>\n\t\t\t\t\t\t<textarea class=\"elementor-field-textual elementor-field  elementor-size-sm\" name=\"form_fields[message]\" id=\"form-field-message\" rows=\"4\" placeholder=\"Varsa ek detaylar...\"><\/textarea>\t\t\t\t<\/div>\n\t\t\t\t\t\t\t\t<div class=\"elementor-field-group elementor-column elementor-field-type-submit elementor-col-100 e-form__buttons\">\n\t\t\t\t\t<button class=\"elementor-button elementor-size-sm\" type=\"submit\">\n\t\t\t\t\t\t<span class=\"elementor-button-content-wrapper\">\n\t\t\t\t\t\t\t\t\t\t\t\t\t\t\t<span class=\"elementor-button-icon\">\n\t\t\t\t\t\t\t\t\t<svg aria-hidden=\"true\" class=\"e-font-icon-svg e-fas-arrow-right\" viewBox=\"0 0 448 512\" xmlns=\"http:\/\/www.w3.org\/2000\/svg\"><path d=\"M190.5 66.9l22.2-22.2c9.4-9.4 24.6-9.4 33.9 0L441 239c9.4 9.4 9.4 24.6 0 33.9L246.6 467.3c-9.4 9.4-24.6 9.4-33.9 0l-22.2-22.2c-9.5-9.5-9.3-25 .4-34.3L311.4 296H24c-13.3 0-24-10.7-24-24v-32c0-13.3 10.7-24 24-24h287.4L190.9 101.2c-9.8-9.3-10-24.8-.4-34.3z\"><\/path><\/svg>\t\t\t\t\t\t\t\t\t\t\t\t\t\t\t\t\t<\/span>\n\t\t\t\t\t\t\t\t\t\t\t\t\t\t\t\t\t\t\t\t\t\t<span class=\"elementor-button-text\">G\u00f6nder<\/span>\n\t\t\t\t\t\t\t\t\t\t\t\t\t<\/span>\n\t\t\t\t\t<\/button>\n\t\t\t\t<\/div>\n\t\t\t<\/div>\n\t\t<\/form>\n\t\t\t\t\t\t<\/div>\n\t\t\t\t<\/div>\n\t\t\t\t\t<\/div>\n\t\t\t\t<\/div>\n\t\t<div class=\"elementor-element elementor-element-bf98c63 e-flex e-con-boxed e-con e-parent\" data-id=\"bf98c63\" data-element_type=\"container\" data-e-type=\"container\">\n\t\t\t\t\t<div class=\"e-con-inner\">\n\t\t<div class=\"elementor-element elementor-element-c8b7289 e-con-full e-flex e-con e-child\" data-id=\"c8b7289\" data-element_type=\"container\" data-e-type=\"container\">\n\t\t<div class=\"elementor-element elementor-element-2c1c24b e-con-full e-flex e-con e-child\" data-id=\"2c1c24b\" data-element_type=\"container\" data-e-type=\"container\">\n\t\t\t\t<div class=\"elementor-element elementor-element-344be1a elementor-position-top elementor-widget elementor-widget-image-box\" data-id=\"344be1a\" data-element_type=\"widget\" data-e-type=\"widget\" data-widget_type=\"image-box.default\">\n\t\t\t\t\t<div class=\"elementor-image-box-wrapper\"><figure class=\"elementor-image-box-img\"><a href=\"https:\/\/brbgroup.bbaajans.com\/hizmetlerimiz\/raflar\/\" tabindex=\"-1\"><img fetchpriority=\"high\" decoding=\"async\" width=\"1200\" height=\"630\" src=\"https:\/\/brbgroup.bbaajans.com\/wp-content\/uploads\/2026\/02\/1-2.jpg\" class=\"attachment-full size-full wp-image-160\" alt=\"\" srcset=\"https:\/\/brbgroup.bbaajans.com\/wp-content\/uploads\/2026\/02\/1-2.jpg 1200w, https:\/\/brbgroup.bbaajans.com\/wp-content\/uploads\/2026\/02\/1-2-300x158.jpg 300w, https:\/\/brbgroup.bbaajans.com\/wp-content\/uploads\/2026\/02\/1-2-1024x538.jpg 1024w, https:\/\/brbgroup.bbaajans.com\/wp-content\/uploads\/2026\/02\/1-2-768x403.jpg 768w\" sizes=\"(max-width: 1200px) 100vw, 1200px\" \/><\/a><\/figure><div class=\"elementor-image-box-content\"><h3 class=\"elementor-image-box-title\"><a href=\"https:\/\/brbgroup.bbaajans.com\/hizmetlerimiz\/raflar\/\">Regalsysteme<\/a><\/h3><p class=\"elementor-image-box-description\">Mit ihrer langlebigen Struktur, hohen Tragf\u00e4higkeit und dem dauerhaften Design sorgen unsere Regalsysteme f\u00fcr maximale Ordnung und Effizienz in Lagern, Gesch\u00e4ften, Logistikzentren und Industriebereichen. Durch das Angebot an speziellen Ma\u00dfen, Modellen und Kombinationsm\u00f6glichkeiten nach den Anforderungen Ihres Unternehmens produzieren wir schnelle, zuverl\u00e4ssige und \u00e4sthetische Lagerl\u00f6sungen.<\/p><\/div><\/div>\t\t\t\t<\/div>\n\t\t\t\t<\/div>\n\t\t<div class=\"elementor-element elementor-element-8036d73 e-con-full e-flex e-con e-child\" data-id=\"8036d73\" data-element_type=\"container\" data-e-type=\"container\">\n\t\t\t\t<div class=\"elementor-element elementor-element-992b545 elementor-position-top elementor-widget elementor-widget-image-box\" data-id=\"992b545\" data-element_type=\"widget\" data-e-type=\"widget\" data-widget_type=\"image-box.default\">\n\t\t\t\t\t<div class=\"elementor-image-box-wrapper\"><figure class=\"elementor-image-box-img\"><a href=\"https:\/\/brbgroup.bbaajans.com\/hizmetlerimiz\/celik-konstruksiyon\/\" tabindex=\"-1\"><img decoding=\"async\" width=\"1200\" height=\"630\" src=\"https:\/\/brbgroup.bbaajans.com\/wp-content\/uploads\/2026\/02\/1-3.jpg\" class=\"attachment-full size-full wp-image-169\" alt=\"\" srcset=\"https:\/\/brbgroup.bbaajans.com\/wp-content\/uploads\/2026\/02\/1-3.jpg 1200w, https:\/\/brbgroup.bbaajans.com\/wp-content\/uploads\/2026\/02\/1-3-300x158.jpg 300w, https:\/\/brbgroup.bbaajans.com\/wp-content\/uploads\/2026\/02\/1-3-1024x538.jpg 1024w, https:\/\/brbgroup.bbaajans.com\/wp-content\/uploads\/2026\/02\/1-3-768x403.jpg 768w\" sizes=\"(max-width: 1200px) 100vw, 1200px\" \/><\/a><\/figure><div class=\"elementor-image-box-content\"><h3 class=\"elementor-image-box-title\"><a href=\"https:\/\/brbgroup.bbaajans.com\/hizmetlerimiz\/celik-konstruksiyon\/\">Stahlkonstruktionen<\/a><\/h3><p class=\"elementor-image-box-description\">Wir bieten hochfeste Stahlkonstruktionsl\u00f6sungen an, die nach technischen Standards gefertigt werden und f\u00fcr alle Anforderungen geeignet sind \u2013 von Industriebauten bis hin zu Spezialprojekten. Mit unserem Produktionsansatz, der auf Sicherheit, Stabilit\u00e4t und Langlebigkeit fokussiert ist, verwalten wir den gesamten Prozess von der Projektphase bis zur Montage professionell.<\/p><\/div><\/div>\t\t\t\t<\/div>\n\t\t\t\t<\/div>\n\t\t\t\t<\/div>\n\t\t<div class=\"elementor-element elementor-element-8beaf32 e-con-full e-flex e-con e-child\" data-id=\"8beaf32\" data-element_type=\"container\" data-e-type=\"container\">\n\t\t<div class=\"elementor-element elementor-element-8ac13b3 e-con-full e-flex e-con e-child\" data-id=\"8ac13b3\" data-element_type=\"container\" data-e-type=\"container\">\n\t\t\t\t<div class=\"elementor-element elementor-element-413e6e8 elementor-position-top elementor-widget elementor-widget-image-box\" data-id=\"413e6e8\" data-element_type=\"widget\" data-e-type=\"widget\" data-widget_type=\"image-box.default\">\n\t\t\t\t\t<div class=\"elementor-image-box-wrapper\"><figure class=\"elementor-image-box-img\"><a href=\"https:\/\/brbgroup.bbaajans.com\/hizmetlerimiz\/sac-isleme-merkezi\/\" tabindex=\"-1\"><img decoding=\"async\" width=\"1200\" height=\"630\" src=\"https:\/\/brbgroup.bbaajans.com\/wp-content\/uploads\/2026\/02\/1-4.jpg\" class=\"attachment-full size-full wp-image-177\" alt=\"\" srcset=\"https:\/\/brbgroup.bbaajans.com\/wp-content\/uploads\/2026\/02\/1-4.jpg 1200w, https:\/\/brbgroup.bbaajans.com\/wp-content\/uploads\/2026\/02\/1-4-300x158.jpg 300w, https:\/\/brbgroup.bbaajans.com\/wp-content\/uploads\/2026\/02\/1-4-1024x538.jpg 1024w, https:\/\/brbgroup.bbaajans.com\/wp-content\/uploads\/2026\/02\/1-4-768x403.jpg 768w\" sizes=\"(max-width: 1200px) 100vw, 1200px\" \/><\/a><\/figure><div class=\"elementor-image-box-content\"><h3 class=\"elementor-image-box-title\"><a href=\"https:\/\/brbgroup.bbaajans.com\/hizmetlerimiz\/sac-isleme-merkezi\/\">Blechbearbeitungszentrum<\/a><\/h3><p class=\"elementor-image-box-description\">Wir produzieren mit hoher Pr\u00e4zision in den Bereichen Laserschneiden, Plasmaschneiden, Biegen und speziellen Umformprozessen. Dank hochwertiger Materialien, eines modernen Maschinenparks und eines Expertenteams bieten wir zuverl\u00e4ssige Blechbearbeitungsleistungen mit schneller Lieferung, makelloser Verarbeitung und reproduzierbaren Produktionsstandards.<\/p><\/div><\/div>\t\t\t\t<\/div>\n\t\t\t\t<\/div>\n\t\t<div class=\"elementor-element elementor-element-6446595 e-con-full e-flex e-con e-child\" data-id=\"6446595\" data-element_type=\"container\" data-e-type=\"container\">\n\t\t\t\t<div class=\"elementor-element elementor-element-d7fb3fe elementor-position-top elementor-widget elementor-widget-image-box\" data-id=\"d7fb3fe\" data-element_type=\"widget\" data-e-type=\"widget\" data-widget_type=\"image-box.default\">\n\t\t\t\t\t<div class=\"elementor-image-box-wrapper\"><figure class=\"elementor-image-box-img\"><a href=\"https:\/\/brbgroup.bbaajans.com\/hizmetlerimiz\/brb-colours\/\" tabindex=\"-1\"><img loading=\"lazy\" decoding=\"async\" width=\"1200\" height=\"630\" src=\"https:\/\/brbgroup.bbaajans.com\/wp-content\/uploads\/2026\/02\/2-6.jpg\" class=\"attachment-full size-full wp-image-216\" alt=\"\" srcset=\"https:\/\/brbgroup.bbaajans.com\/wp-content\/uploads\/2026\/02\/2-6.jpg 1200w, https:\/\/brbgroup.bbaajans.com\/wp-content\/uploads\/2026\/02\/2-6-300x158.jpg 300w, https:\/\/brbgroup.bbaajans.com\/wp-content\/uploads\/2026\/02\/2-6-1024x538.jpg 1024w, https:\/\/brbgroup.bbaajans.com\/wp-content\/uploads\/2026\/02\/2-6-768x403.jpg 768w\" sizes=\"(max-width: 1200px) 100vw, 1200px\" \/><\/a><\/figure><div class=\"elementor-image-box-content\"><h3 class=\"elementor-image-box-title\"><a href=\"https:\/\/brbgroup.bbaajans.com\/hizmetlerimiz\/brb-colours\/\">BRB Beschichtung<\/a><\/h3><p class=\"elementor-image-box-description\">Mit unserer Pulverbeschichtungstechnologie verleihen wir Metalloberfl\u00e4chen ein best\u00e4ndiges, langlebiges und \u00e4sthetisches Aussehen. Durch die Schaffung von Oberfl\u00e4chen mit hoher Korrosionsbest\u00e4ndigkeit sowie Resistenz gegen Kratzer und \u00e4u\u00dfere Einfl\u00fcsse erh\u00f6hen wir sowohl die Produktqualit\u00e4t als auch die Lebensdauer. Unsere Einbrennsysteme mit einer breiten Farbpalette passen sich allen Branchen an.<\/p><\/div><\/div>\t\t\t\t<\/div>\n\t\t\t\t<\/div>\n\t\t<div class=\"elementor-element elementor-element-b363336 e-con-full e-flex e-con e-child\" data-id=\"b363336\" data-element_type=\"container\" data-e-type=\"container\">\n\t\t\t\t<div class=\"elementor-element elementor-element-536f8d5 elementor-position-top elementor-widget elementor-widget-image-box\" data-id=\"536f8d5\" data-element_type=\"widget\" data-e-type=\"widget\" data-widget_type=\"image-box.default\">\n\t\t\t\t\t<div class=\"elementor-image-box-wrapper\"><figure class=\"elementor-image-box-img\"><a href=\"https:\/\/brbgroup.bbaajans.com\/hizmetlerimiz\/ozel-projeler\/\" tabindex=\"-1\"><img loading=\"lazy\" decoding=\"async\" width=\"1200\" height=\"630\" src=\"https:\/\/brbgroup.bbaajans.com\/wp-content\/uploads\/2026\/02\/2-5.jpg\" class=\"attachment-full size-full wp-image-185\" alt=\"\" srcset=\"https:\/\/brbgroup.bbaajans.com\/wp-content\/uploads\/2026\/02\/2-5.jpg 1200w, https:\/\/brbgroup.bbaajans.com\/wp-content\/uploads\/2026\/02\/2-5-300x158.jpg 300w, https:\/\/brbgroup.bbaajans.com\/wp-content\/uploads\/2026\/02\/2-5-1024x538.jpg 1024w, https:\/\/brbgroup.bbaajans.com\/wp-content\/uploads\/2026\/02\/2-5-768x403.jpg 768w\" sizes=\"(max-width: 1200px) 100vw, 1200px\" \/><\/a><\/figure><div class=\"elementor-image-box-content\"><h3 class=\"elementor-image-box-title\"><a href=\"https:\/\/brbgroup.bbaajans.com\/hizmetlerimiz\/ozel-projeler\/\">Kundenspezifische Projekte<\/a><\/h3><p class=\"elementor-image-box-description\">Wir vereinen Besichtigung, Design, Engineering und Anwendungsprozesse f\u00fcr Projekte jeder Gr\u00f6\u00dfenordnung unter einem Dach. Durch die Entwicklung bedarfsgerechter L\u00f6sungen erzielen wir optimale Ergebnisse in Bezug auf Zeit, Kosten und Qualit\u00e4t. Mit pr\u00e4ziser Planung und technischer Expertise setzen wir Ihre Projekte reibungslos und schnell um.<\/p><\/div><\/div>\t\t\t\t<\/div>\n\t\t\t\t<\/div>\n\t\t\t\t<\/div>\n\t\t\t\t\t<\/div>\n\t\t\t\t<\/div>\n\t\t\t\t<\/div>\n\t\t","protected":false},"excerpt":{"rendered":"<p>Wir verwandeln Kraft in Stahl und Wert in Projekte Durch Vor-Ort-Besichtigung, technische Berechnungen und statische L\u00f6sungen entwickeln wir vollst\u00e4ndig kompatible und optimierte Stahlbausysteme f\u00fcr all Ihre Projekte. Mit erdbebensicheren, langlebigen und hochbelastbaren Stahlkonstruktionsl\u00f6sungen sorgen wir daf\u00fcr, dass Sie \u00fcber sichere Geb\u00e4ude verf\u00fcgen. Intelligente Strukturl\u00f6sungen Unterbrechungsfreie Best\u00e4ndigkeit Flexible Anwendungsm\u00f6glichkeiten Professionelle technische Unterst\u00fctzung Regalsysteme Mit ihrer langlebigen [&hellip;]<\/p>\n","protected":false},"author":1,"featured_media":0,"parent":0,"menu_order":0,"comment_status":"closed","ping_status":"closed","template":"","meta":{"footnotes":""},"class_list":["post-441","page","type-page","status-publish","hentry"],"_links":{"self":[{"href":"https:\/\/brbgroup.bbaajans.com\/de\/wp-json\/wp\/v2\/pages\/441","targetHints":{"allow":["GET"]}}],"collection":[{"href":"https:\/\/brbgroup.bbaajans.com\/de\/wp-json\/wp\/v2\/pages"}],"about":[{"href":"https:\/\/brbgroup.bbaajans.com\/de\/wp-json\/wp\/v2\/types\/page"}],"author":[{"embeddable":true,"href":"https:\/\/brbgroup.bbaajans.com\/de\/wp-json\/wp\/v2\/users\/1"}],"replies":[{"embeddable":true,"href":"https:\/\/brbgroup.bbaajans.com\/de\/wp-json\/wp\/v2\/comments?post=441"}],"version-history":[{"count":4,"href":"https:\/\/brbgroup.bbaajans.com\/de\/wp-json\/wp\/v2\/pages\/441\/revisions"}],"predecessor-version":[{"id":445,"href":"https:\/\/brbgroup.bbaajans.com\/de\/wp-json\/wp\/v2\/pages\/441\/revisions\/445"}],"wp:attachment":[{"href":"https:\/\/brbgroup.bbaajans.com\/de\/wp-json\/wp\/v2\/media?parent=441"}],"curies":[{"name":"wp","href":"https:\/\/api.w.org\/{rel}","templated":true}]}}