{"id":399,"date":"2026-02-08T14:32:38","date_gmt":"2026-02-08T14:32:38","guid":{"rendered":"https:\/\/brbgroup.bbaajans.com\/?page_id=399"},"modified":"2026-02-27T08:09:33","modified_gmt":"2026-02-27T08:09:33","slug":"regalsysteme","status":"publish","type":"page","link":"https:\/\/brbgroup.bbaajans.com\/de\/unsere-leistungen\/regalsysteme\/","title":{"rendered":"Regalsysteme"},"content":{"rendered":"\t\t<div data-elementor-type=\"wp-page\" data-elementor-id=\"399\" class=\"elementor elementor-399\" data-elementor-post-type=\"page\">\n\t\t\t\t<div class=\"elementor-element elementor-element-e6e5335 e-flex e-con-boxed e-con e-parent\" data-id=\"e6e5335\" data-element_type=\"container\" data-e-type=\"container\" data-settings=\"{&quot;background_background&quot;:&quot;classic&quot;}\">\n\t\t\t\t\t<div class=\"e-con-inner\">\n\t\t<div class=\"elementor-element elementor-element-40f7bc9 e-con-full e-flex e-con e-child\" data-id=\"40f7bc9\" data-element_type=\"container\" data-e-type=\"container\">\n\t\t\t\t<div class=\"elementor-element elementor-element-c44194c elementor-widget elementor-widget-heading\" data-id=\"c44194c\" data-element_type=\"widget\" data-e-type=\"widget\" data-widget_type=\"heading.default\">\n\t\t\t\t\t<h1 class=\"elementor-heading-title elementor-size-default\">Regalsysteme <br> Entwickelt f\u00fcr Sicherheit, Langlebigkeit und maximale Effizienz.<\/h1>\t\t\t\t<\/div>\n\t\t\t\t<div class=\"elementor-element elementor-element-460ca18 elementor-widget elementor-widget-text-editor\" data-id=\"460ca18\" data-element_type=\"widget\" data-e-type=\"widget\" data-widget_type=\"text-editor.default\">\n\t\t\t\t\t\t\t\t\t<p>Unsere Regalsysteme wurden entwickelt, um Ihre Lagerfl\u00e4chen optimal zu nutzen. Mit ihrer hohen Tragf\u00e4higkeit, ihrem modularen Aufbau und ihrer langlebigen Materialqualit\u00e4t passen sie sich jeder Branche perfekt an.<\/p><p>Von Schwerlastlagern \u00fcber Textil- und Apothekenregale bis hin zu Logistikzentren und Einzelhandelslagern bieten wir ma\u00dfgeschneiderte L\u00f6sungen f\u00fcr all Ihre Anforderungen.<\/p>\t\t\t\t\t\t\t\t<\/div>\n\t\t<div class=\"elementor-element elementor-element-ae143e5 e-con-full e-flex e-con e-child\" data-id=\"ae143e5\" data-element_type=\"container\" data-e-type=\"container\">\n\t\t\t\t<div class=\"elementor-element elementor-element-7ac3532 elementor-icon-list--layout-traditional elementor-list-item-link-full_width elementor-widget elementor-widget-icon-list\" data-id=\"7ac3532\" data-element_type=\"widget\" data-e-type=\"widget\" data-widget_type=\"icon-list.default\">\n\t\t\t\t\t\t\t<ul class=\"elementor-icon-list-items\">\n\t\t\t\t\t\t\t<li class=\"elementor-icon-list-item\">\n\t\t\t\t\t\t\t\t\t\t\t<span class=\"elementor-icon-list-icon\">\n\t\t\t\t\t\t\t<svg aria-hidden=\"true\" class=\"e-font-icon-svg e-fas-check-circle\" viewBox=\"0 0 512 512\" xmlns=\"http:\/\/www.w3.org\/2000\/svg\"><path d=\"M504 256c0 136.967-111.033 248-248 248S8 392.967 8 256 119.033 8 256 8s248 111.033 248 248zM227.314 387.314l184-184c6.248-6.248 6.248-16.379 0-22.627l-22.627-22.627c-6.248-6.249-16.379-6.249-22.628 0L216 308.118l-70.059-70.059c-6.248-6.248-16.379-6.248-22.628 0l-22.627 22.627c-6.248 6.248-6.248 16.379 0 22.627l104 104c6.249 6.249 16.379 6.249 22.628.001z\"><\/path><\/svg>\t\t\t\t\t\t<\/span>\n\t\t\t\t\t\t\t\t\t\t<span class=\"elementor-icon-list-text\">Best\u00e4ndig, \u00e4sthetisch und funktional<\/span>\n\t\t\t\t\t\t\t\t\t<\/li>\n\t\t\t\t\t\t\t\t<li class=\"elementor-icon-list-item\">\n\t\t\t\t\t\t\t\t\t\t\t<span class=\"elementor-icon-list-icon\">\n\t\t\t\t\t\t\t<svg aria-hidden=\"true\" class=\"e-font-icon-svg e-fas-check-circle\" viewBox=\"0 0 512 512\" xmlns=\"http:\/\/www.w3.org\/2000\/svg\"><path d=\"M504 256c0 136.967-111.033 248-248 248S8 392.967 8 256 119.033 8 256 8s248 111.033 248 248zM227.314 387.314l184-184c6.248-6.248 6.248-16.379 0-22.627l-22.627-22.627c-6.248-6.249-16.379-6.249-22.628 0L216 308.118l-70.059-70.059c-6.248-6.248-16.379-6.248-22.628 0l-22.627 22.627c-6.248 6.248-6.248 16.379 0 22.627l104 104c6.249 6.249 16.379 6.249 22.628.001z\"><\/path><\/svg>\t\t\t\t\t\t<\/span>\n\t\t\t\t\t\t\t\t\t\t<span class=\"elementor-icon-list-text\">Maximale Effizienz<\/span>\n\t\t\t\t\t\t\t\t\t<\/li>\n\t\t\t\t\t\t\t\t<li class=\"elementor-icon-list-item\">\n\t\t\t\t\t\t\t\t\t\t\t<span class=\"elementor-icon-list-icon\">\n\t\t\t\t\t\t\t<svg aria-hidden=\"true\" class=\"e-font-icon-svg e-fas-check-circle\" viewBox=\"0 0 512 512\" xmlns=\"http:\/\/www.w3.org\/2000\/svg\"><path d=\"M504 256c0 136.967-111.033 248-248 248S8 392.967 8 256 119.033 8 256 8s248 111.033 248 248zM227.314 387.314l184-184c6.248-6.248 6.248-16.379 0-22.627l-22.627-22.627c-6.248-6.249-16.379-6.249-22.628 0L216 308.118l-70.059-70.059c-6.248-6.248-16.379-6.248-22.628 0l-22.627 22.627c-6.248 6.248-6.248 16.379 0 22.627l104 104c6.249 6.249 16.379 6.249 22.628.001z\"><\/path><\/svg>\t\t\t\t\t\t<\/span>\n\t\t\t\t\t\t\t\t\t\t<span class=\"elementor-icon-list-text\">Starke Struktur, hohe Performance<\/span>\n\t\t\t\t\t\t\t\t\t<\/li>\n\t\t\t\t\t\t\t\t<li class=\"elementor-icon-list-item\">\n\t\t\t\t\t\t\t\t\t\t\t<span class=\"elementor-icon-list-icon\">\n\t\t\t\t\t\t\t<svg aria-hidden=\"true\" class=\"e-font-icon-svg e-fas-check-circle\" viewBox=\"0 0 512 512\" xmlns=\"http:\/\/www.w3.org\/2000\/svg\"><path d=\"M504 256c0 136.967-111.033 248-248 248S8 392.967 8 256 119.033 8 256 8s248 111.033 248 248zM227.314 387.314l184-184c6.248-6.248 6.248-16.379 0-22.627l-22.627-22.627c-6.248-6.249-16.379-6.249-22.628 0L216 308.118l-70.059-70.059c-6.248-6.248-16.379-6.248-22.628 0l-22.627 22.627c-6.248 6.248-6.248 16.379 0 22.627l104 104c6.249 6.249 16.379 6.249 22.628.001z\"><\/path><\/svg>\t\t\t\t\t\t<\/span>\n\t\t\t\t\t\t\t\t\t\t<span class=\"elementor-icon-list-text\">Maximale Raumausnutzung<\/span>\n\t\t\t\t\t\t\t\t\t<\/li>\n\t\t\t\t\t\t<\/ul>\n\t\t\t\t\t\t<\/div>\n\t\t\t\t<\/div>\n\t\t\t\t<\/div>\n\t\t<div class=\"elementor-element elementor-element-fcb7cd3 e-con-full e-flex e-con e-child\" data-id=\"fcb7cd3\" data-element_type=\"container\" data-e-type=\"container\">\n\t\t\t\t<div class=\"elementor-element elementor-element-d2582ea elementor-button-align-stretch elementor-widget elementor-widget-form\" data-id=\"d2582ea\" data-element_type=\"widget\" data-e-type=\"widget\" data-settings=\"{&quot;step_next_label&quot;:&quot;Next&quot;,&quot;step_previous_label&quot;:&quot;Previous&quot;,&quot;button_width&quot;:&quot;100&quot;,&quot;step_type&quot;:&quot;number_text&quot;,&quot;step_icon_shape&quot;:&quot;circle&quot;}\" data-widget_type=\"form.default\">\n\t\t\t\t\t\t\t<form class=\"elementor-form\" method=\"post\" name=\"Iletisim - Raflar\" aria-label=\"Iletisim - Raflar\">\n\t\t\t<input type=\"hidden\" name=\"post_id\" value=\"399\"\/>\n\t\t\t<input type=\"hidden\" name=\"form_id\" value=\"d2582ea\"\/>\n\t\t\t<input type=\"hidden\" name=\"referer_title\" value=\"\" \/>\n\n\t\t\t\n\t\t\t<div class=\"elementor-form-fields-wrapper elementor-labels-\">\n\t\t\t\t\t\t\t\t<div class=\"elementor-field-type-text elementor-field-group elementor-column elementor-field-group-name elementor-col-100 elementor-field-required\">\n\t\t\t\t\t\t\t\t\t\t\t\t<label for=\"form-field-name\" class=\"elementor-field-label elementor-screen-only\">\n\t\t\t\t\t\t\t\t\u0130sim\t\t\t\t\t\t\t<\/label>\n\t\t\t\t\t\t\t\t\t\t\t\t\t\t<input size=\"1\" type=\"text\" name=\"form_fields[name]\" id=\"form-field-name\" class=\"elementor-field elementor-size-sm  elementor-field-textual\" placeholder=\"\u0130sim Soyisim\" required=\"required\">\n\t\t\t\t\t\t\t\t\t\t\t<\/div>\n\t\t\t\t\t\t\t\t<div class=\"elementor-field-type-text elementor-field-group elementor-column elementor-field-group-field_a54d6b2 elementor-col-100 elementor-field-required\">\n\t\t\t\t\t\t\t\t\t\t\t\t<label for=\"form-field-field_a54d6b2\" class=\"elementor-field-label elementor-screen-only\">\n\t\t\t\t\t\t\t\t\u015eirket\t\t\t\t\t\t\t<\/label>\n\t\t\t\t\t\t\t\t\t\t\t\t\t\t<input size=\"1\" type=\"text\" name=\"form_fields[field_a54d6b2]\" id=\"form-field-field_a54d6b2\" class=\"elementor-field elementor-size-sm  elementor-field-textual\" placeholder=\"\u015eirket\" required=\"required\">\n\t\t\t\t\t\t\t\t\t\t\t<\/div>\n\t\t\t\t\t\t\t\t<div class=\"elementor-field-type-email elementor-field-group elementor-column elementor-field-group-email elementor-col-100 elementor-field-required\">\n\t\t\t\t\t\t\t\t\t\t\t\t<label for=\"form-field-email\" class=\"elementor-field-label elementor-screen-only\">\n\t\t\t\t\t\t\t\tEmail\t\t\t\t\t\t\t<\/label>\n\t\t\t\t\t\t\t\t\t\t\t\t\t\t<input size=\"1\" type=\"email\" name=\"form_fields[email]\" id=\"form-field-email\" class=\"elementor-field elementor-size-sm  elementor-field-textual\" placeholder=\"Email\" required=\"required\">\n\t\t\t\t\t\t\t\t\t\t\t<\/div>\n\t\t\t\t\t\t\t\t<div class=\"elementor-field-type-tel elementor-field-group elementor-column elementor-field-group-field_9d481ea elementor-col-100 elementor-field-required\">\n\t\t\t\t\t\t\t\t\t\t\t\t<label for=\"form-field-field_9d481ea\" class=\"elementor-field-label elementor-screen-only\">\n\t\t\t\t\t\t\t\tTelefon\t\t\t\t\t\t\t<\/label>\n\t\t\t\t\t\t\t\t<input size=\"1\" type=\"tel\" name=\"form_fields[field_9d481ea]\" id=\"form-field-field_9d481ea\" class=\"elementor-field elementor-size-sm  elementor-field-textual\" placeholder=\"Telefon\" required=\"required\" pattern=\"[0-9()#&amp;+*-=.]+\" title=\"Nur Nummern oder Telefon-Zeichen (#, -, *, etc) werden akzeptiert.\">\n\n\t\t\t\t\t\t<\/div>\n\t\t\t\t\t\t\t\t<div class=\"elementor-field-type-select elementor-field-group elementor-column elementor-field-group-field_a94bc16 elementor-col-100 elementor-field-required\">\n\t\t\t\t\t\t\t\t\t\t\t\t<label for=\"form-field-field_a94bc16\" class=\"elementor-field-label elementor-screen-only\">\n\t\t\t\t\t\t\t\tKonu\t\t\t\t\t\t\t<\/label>\n\t\t\t\t\t\t\t\t<div class=\"elementor-field elementor-select-wrapper remove-before \">\n\t\t\t<div class=\"select-caret-down-wrapper\">\n\t\t\t\t<svg aria-hidden=\"true\" class=\"e-font-icon-svg e-eicon-caret-down\" viewBox=\"0 0 571.4 571.4\" xmlns=\"http:\/\/www.w3.org\/2000\/svg\"><path d=\"M571 393Q571 407 561 418L311 668Q300 679 286 679T261 668L11 418Q0 407 0 393T11 368 36 357H536Q550 357 561 368T571 393Z\"><\/path><\/svg>\t\t\t<\/div>\n\t\t\t<select name=\"form_fields[field_a94bc16]\" id=\"form-field-field_a94bc16\" class=\"elementor-field-textual elementor-size-sm\" required=\"required\">\n\t\t\t\t\t\t\t\t\t<option value=\"\u00c7elik Konstr\u00fcksiyon\">\u00c7elik Konstr\u00fcksiyon<\/option>\n\t\t\t\t\t\t\t\t\t<option value=\"Sac \u0130\u015fleme Merkezi\">Sac \u0130\u015fleme Merkezi<\/option>\n\t\t\t\t\t\t\t\t\t<option value=\"BRB Colours\">BRB Colours<\/option>\n\t\t\t\t\t\t\t\t\t<option value=\"\u00d6zel Projeler\">\u00d6zel Projeler<\/option>\n\t\t\t\t\t\t\t\t\t<option value=\"Genel Bilgi Talebi\">Genel Bilgi Talebi<\/option>\n\t\t\t\t\t\t\t\t\t<option value=\"Raflar\">Raflar<\/option>\n\t\t\t\t\t\t\t<\/select>\n\t\t<\/div>\n\t\t\t\t\t\t<\/div>\n\t\t\t\t\t\t\t\t<div class=\"elementor-field-type-textarea elementor-field-group elementor-column elementor-field-group-message elementor-col-100\">\n\t\t\t\t\t\t\t\t\t\t\t\t<label for=\"form-field-message\" class=\"elementor-field-label elementor-screen-only\">\n\t\t\t\t\t\t\t\tMesaj\t\t\t\t\t\t\t<\/label>\n\t\t\t\t\t\t<textarea class=\"elementor-field-textual elementor-field  elementor-size-sm\" name=\"form_fields[message]\" id=\"form-field-message\" rows=\"4\" placeholder=\"Varsa ek detaylar...\"><\/textarea>\t\t\t\t<\/div>\n\t\t\t\t\t\t\t\t<div class=\"elementor-field-group elementor-column elementor-field-type-submit elementor-col-100 e-form__buttons\">\n\t\t\t\t\t<button class=\"elementor-button elementor-size-sm\" type=\"submit\">\n\t\t\t\t\t\t<span class=\"elementor-button-content-wrapper\">\n\t\t\t\t\t\t\t\t\t\t\t\t\t\t\t<span class=\"elementor-button-icon\">\n\t\t\t\t\t\t\t\t\t<svg aria-hidden=\"true\" class=\"e-font-icon-svg e-fas-arrow-right\" viewBox=\"0 0 448 512\" xmlns=\"http:\/\/www.w3.org\/2000\/svg\"><path d=\"M190.5 66.9l22.2-22.2c9.4-9.4 24.6-9.4 33.9 0L441 239c9.4 9.4 9.4 24.6 0 33.9L246.6 467.3c-9.4 9.4-24.6 9.4-33.9 0l-22.2-22.2c-9.5-9.5-9.3-25 .4-34.3L311.4 296H24c-13.3 0-24-10.7-24-24v-32c0-13.3 10.7-24 24-24h287.4L190.9 101.2c-9.8-9.3-10-24.8-.4-34.3z\"><\/path><\/svg>\t\t\t\t\t\t\t\t\t\t\t\t\t\t\t\t\t<\/span>\n\t\t\t\t\t\t\t\t\t\t\t\t\t\t\t\t\t\t\t\t\t\t<span class=\"elementor-button-text\">G\u00f6nder<\/span>\n\t\t\t\t\t\t\t\t\t\t\t\t\t<\/span>\n\t\t\t\t\t<\/button>\n\t\t\t\t<\/div>\n\t\t\t<\/div>\n\t\t<\/form>\n\t\t\t\t\t\t<\/div>\n\t\t\t\t<\/div>\n\t\t\t\t\t<\/div>\n\t\t\t\t<\/div>\n\t\t<div class=\"elementor-element elementor-element-a5fd10b e-flex e-con-boxed e-con e-parent\" data-id=\"a5fd10b\" data-element_type=\"container\" data-e-type=\"container\">\n\t\t\t\t\t<div class=\"e-con-inner\">\n\t\t<div class=\"elementor-element elementor-element-1eb58f4 e-con-full e-flex e-con e-child\" data-id=\"1eb58f4\" data-element_type=\"container\" data-e-type=\"container\">\n\t\t<div class=\"elementor-element elementor-element-982fc3c e-con-full e-flex e-con e-child\" data-id=\"982fc3c\" data-element_type=\"container\" data-e-type=\"container\">\n\t\t\t\t<div class=\"elementor-element elementor-element-9ab767c elementor-position-top elementor-widget elementor-widget-image-box\" data-id=\"9ab767c\" data-element_type=\"widget\" data-e-type=\"widget\" data-widget_type=\"image-box.default\">\n\t\t\t\t\t<div class=\"elementor-image-box-wrapper\"><figure class=\"elementor-image-box-img\"><img fetchpriority=\"high\" decoding=\"async\" width=\"1200\" height=\"630\" src=\"https:\/\/brbgroup.bbaajans.com\/wp-content\/uploads\/2026\/02\/1-2.jpg\" class=\"attachment-full size-full wp-image-160\" alt=\"\" srcset=\"https:\/\/brbgroup.bbaajans.com\/wp-content\/uploads\/2026\/02\/1-2.jpg 1200w, https:\/\/brbgroup.bbaajans.com\/wp-content\/uploads\/2026\/02\/1-2-300x158.jpg 300w, https:\/\/brbgroup.bbaajans.com\/wp-content\/uploads\/2026\/02\/1-2-1024x538.jpg 1024w, https:\/\/brbgroup.bbaajans.com\/wp-content\/uploads\/2026\/02\/1-2-768x403.jpg 768w\" sizes=\"(max-width: 1200px) 100vw, 1200px\" \/><\/figure><div class=\"elementor-image-box-content\"><h3 class=\"elementor-image-box-title\">Stahlregalsysteme<\/h3><p class=\"elementor-image-box-description\">Die Stahlregalsysteme der BRB Group zeichnen sich durch ihre Langlebigkeit, ihr modulares Design und ihre vielf\u00e4ltigen Einsatzm\u00f6glichkeiten aus. Gefertigt aus verzinkten oder lackierten Stahlblechen, eignen sich diese Systeme dank ihrer korrosionsbest\u00e4ndigen, pflegeleichten und langlebigen Konstruktion sowohl f\u00fcr den privaten als auch f\u00fcr den industriellen Bereich.\n<br><br>\nIn Zeiten stetig steigender Lageranforderungen sind robuste, zuverl\u00e4ssige und optimierte Regalsysteme kein Luxus mehr, sondern eine Notwendigkeit. BRB bietet ma\u00dfgefertigte Stahlregalsysteme, mit denen Sie Produkte unterschiedlicher Gewichte und Gr\u00f6\u00dfen sicher lagern k\u00f6nnen.\n<\/p><\/div><\/div>\t\t\t\t<\/div>\n\t\t\t\t<\/div>\n\t\t<div class=\"elementor-element elementor-element-2a4f257 e-con-full e-flex e-con e-child\" data-id=\"2a4f257\" data-element_type=\"container\" data-e-type=\"container\">\n\t\t\t\t<div class=\"elementor-element elementor-element-7cbed6f elementor-position-top elementor-widget elementor-widget-image-box\" data-id=\"7cbed6f\" data-element_type=\"widget\" data-e-type=\"widget\" data-widget_type=\"image-box.default\">\n\t\t\t\t\t<div class=\"elementor-image-box-wrapper\"><figure class=\"elementor-image-box-img\"><img decoding=\"async\" width=\"1200\" height=\"630\" src=\"https:\/\/brbgroup.bbaajans.com\/wp-content\/uploads\/2026\/02\/2-2.jpg\" class=\"attachment-full size-full wp-image-161\" alt=\"\" srcset=\"https:\/\/brbgroup.bbaajans.com\/wp-content\/uploads\/2026\/02\/2-2.jpg 1200w, https:\/\/brbgroup.bbaajans.com\/wp-content\/uploads\/2026\/02\/2-2-300x158.jpg 300w, https:\/\/brbgroup.bbaajans.com\/wp-content\/uploads\/2026\/02\/2-2-1024x538.jpg 1024w, https:\/\/brbgroup.bbaajans.com\/wp-content\/uploads\/2026\/02\/2-2-768x403.jpg 768w\" sizes=\"(max-width: 1200px) 100vw, 1200px\" \/><\/figure><div class=\"elementor-image-box-content\"><h3 class=\"elementor-image-box-title\">Kundenspezifische Ladungstr\u00e4ger<\/h3><p class=\"elementor-image-box-description\">Als BRB Group entwerfen und fertigen wir kundenspezifische Ladungstr\u00e4ger, die den sicheren, geordneten und leistungsstarken Transport von Produkten unterschiedlicher Gr\u00f6\u00dfe und Gewicht gew\u00e4hrleisten, um die betriebliche Effizienz Ihres Unternehmens zu steigern.\n<br><br>\nDurch eine detaillierte Analyse Ihrer Logistik- und Produktionsprozesse bieten wir speziell auf Ihre Bed\u00fcrfnisse zugeschnittene L\u00f6sungen, die Ihre Arbeitskosten senken, Ihre Arbeitsabl\u00e4ufe verbessern und Ihre gesamte operative Performance auf ein H\u00f6chstma\u00df heben.<\/p><\/div><\/div>\t\t\t\t<\/div>\n\t\t\t\t<\/div>\n\t\t\t\t<\/div>\n\t\t<div class=\"elementor-element elementor-element-2f00c1b e-con-full e-flex e-con e-child\" data-id=\"2f00c1b\" data-element_type=\"container\" data-e-type=\"container\">\n\t\t<div class=\"elementor-element elementor-element-3536920 e-con-full e-flex e-con e-child\" data-id=\"3536920\" data-element_type=\"container\" data-e-type=\"container\">\n\t\t\t\t<div class=\"elementor-element elementor-element-48e3901 elementor-position-top elementor-widget elementor-widget-image-box\" data-id=\"48e3901\" data-element_type=\"widget\" data-e-type=\"widget\" data-widget_type=\"image-box.default\">\n\t\t\t\t\t<div class=\"elementor-image-box-wrapper\"><figure class=\"elementor-image-box-img\"><img decoding=\"async\" width=\"1200\" height=\"630\" src=\"https:\/\/brbgroup.bbaajans.com\/wp-content\/uploads\/2026\/02\/3-2.jpg\" class=\"attachment-full size-full wp-image-162\" alt=\"\" srcset=\"https:\/\/brbgroup.bbaajans.com\/wp-content\/uploads\/2026\/02\/3-2.jpg 1200w, https:\/\/brbgroup.bbaajans.com\/wp-content\/uploads\/2026\/02\/3-2-300x158.jpg 300w, https:\/\/brbgroup.bbaajans.com\/wp-content\/uploads\/2026\/02\/3-2-1024x538.jpg 1024w, https:\/\/brbgroup.bbaajans.com\/wp-content\/uploads\/2026\/02\/3-2-768x403.jpg 768w\" sizes=\"(max-width: 1200px) 100vw, 1200px\" \/><\/figure><div class=\"elementor-image-box-content\"><h3 class=\"elementor-image-box-title\">Schwerlast-Lagerregalsysteme<\/h3><p class=\"elementor-image-box-description\">Schwerlastregalsysteme geh\u00f6ren zu den unverzichtbaren L\u00f6sungen in Industriebereichen und erm\u00f6glichen die sichere Lagerung von hochtonnagigen palettierten sowie verpackten Produkten.\n<br><br>\nDiese Systeme, die von der BRB Group mit speziellen technischen Berechnungen entwickelt wurden, werden mit dem Ziel einer maximalen Fl\u00e4chennutzung, einer hohen Tragf\u00e4higkeit und einer langfristigen Nutzung in Ihren Lager- und Depotbereichen gefertigt.<\/p><\/div><\/div>\t\t\t\t<\/div>\n\t\t\t\t<\/div>\n\t\t<div class=\"elementor-element elementor-element-bdb1810 e-con-full e-flex e-con e-child\" data-id=\"bdb1810\" data-element_type=\"container\" data-e-type=\"container\">\n\t\t\t\t<div class=\"elementor-element elementor-element-8dc8c80 elementor-position-top elementor-widget elementor-widget-image-box\" data-id=\"8dc8c80\" data-element_type=\"widget\" data-e-type=\"widget\" data-widget_type=\"image-box.default\">\n\t\t\t\t\t<div class=\"elementor-image-box-wrapper\"><figure class=\"elementor-image-box-img\"><img loading=\"lazy\" decoding=\"async\" width=\"1200\" height=\"630\" src=\"https:\/\/brbgroup.bbaajans.com\/wp-content\/uploads\/2026\/02\/4-2.jpg\" class=\"attachment-full size-full wp-image-163\" alt=\"\" srcset=\"https:\/\/brbgroup.bbaajans.com\/wp-content\/uploads\/2026\/02\/4-2.jpg 1200w, https:\/\/brbgroup.bbaajans.com\/wp-content\/uploads\/2026\/02\/4-2-300x158.jpg 300w, https:\/\/brbgroup.bbaajans.com\/wp-content\/uploads\/2026\/02\/4-2-1024x538.jpg 1024w, https:\/\/brbgroup.bbaajans.com\/wp-content\/uploads\/2026\/02\/4-2-768x403.jpg 768w\" sizes=\"(max-width: 1200px) 100vw, 1200px\" \/><\/figure><div class=\"elementor-image-box-content\"><h3 class=\"elementor-image-box-title\">Leichte Regalsysteme<\/h3><p class=\"elementor-image-box-description\">Die Fachbodenregalsysteme der BRB Group wurden speziell f\u00fcr die geordnete, sichere und leicht zug\u00e4ngliche Lagerung von kleinen und mittelgro\u00dfen Produkten entwickelt.\n<br><br>\nDiese Systeme sind ideal f\u00fcr Produkte, die manuell eingelagert und entnommen werden k\u00f6nnen, und sorgen in Lagern, Archiven, Werkst\u00e4tten sowie Verkaufsr\u00e4umen f\u00fcr \u00c4sthetik, Ordnung und Effizienz. In gro\u00dfen Fl\u00e4chen ist es schwierig, Kleinteile ohne Unordnung zu lagern. Unsere Fachbodenregale l\u00f6sen dieses Problem und bieten mehr Lagerkapazit\u00e4t auf weniger Fl\u00e4che.<\/p><\/div><\/div>\t\t\t\t<\/div>\n\t\t\t\t<\/div>\n\t\t\t\t<\/div>\n\t\t<div class=\"elementor-element elementor-element-5d8a513 e-con-full e-flex e-con e-child\" data-id=\"5d8a513\" data-element_type=\"container\" data-e-type=\"container\">\n\t\t<div class=\"elementor-element elementor-element-e320288 e-con-full e-flex e-con e-child\" data-id=\"e320288\" data-element_type=\"container\" data-e-type=\"container\">\n\t\t\t\t<div class=\"elementor-element elementor-element-1481dd5 elementor-position-left elementor-vertical-align-top elementor-widget elementor-widget-image-box\" data-id=\"1481dd5\" data-element_type=\"widget\" data-e-type=\"widget\" data-widget_type=\"image-box.default\">\n\t\t\t\t\t<div class=\"elementor-image-box-wrapper\"><figure class=\"elementor-image-box-img\"><img loading=\"lazy\" decoding=\"async\" width=\"1200\" height=\"630\" src=\"https:\/\/brbgroup.bbaajans.com\/wp-content\/uploads\/2026\/02\/5-2.jpg\" class=\"attachment-full size-full wp-image-164\" alt=\"\" srcset=\"https:\/\/brbgroup.bbaajans.com\/wp-content\/uploads\/2026\/02\/5-2.jpg 1200w, https:\/\/brbgroup.bbaajans.com\/wp-content\/uploads\/2026\/02\/5-2-300x158.jpg 300w, https:\/\/brbgroup.bbaajans.com\/wp-content\/uploads\/2026\/02\/5-2-1024x538.jpg 1024w, https:\/\/brbgroup.bbaajans.com\/wp-content\/uploads\/2026\/02\/5-2-768x403.jpg 768w\" sizes=\"(max-width: 1200px) 100vw, 1200px\" \/><\/figure><div class=\"elementor-image-box-content\"><h3 class=\"elementor-image-box-title\">Mezzanine-Regalsysteme<\/h3><p class=\"elementor-image-box-description\">Die Mezzaninregalsysteme der BRB Group sind mehrgeschossige Regalsysteme, die die Lagerh\u00f6he effizient nutzen und so sowohl Lager- als auch Arbeitsfl\u00e4che schaffen. Diese Systeme eignen sich besonders f\u00fcr Lagerhallen mit hohen Decken und gro\u00dfem Volumen, da sie eine zus\u00e4tzliche Ebene innerhalb des bestehenden Geb\u00e4udes bilden und dadurch zus\u00e4tzlichen Platz erm\u00f6glichen.\n<br><br>\nBei Zwischengeschossen bilden auf St\u00fctzbeinen errichtete Plattformen eine Bodenkonstruktion. Diese B\u00f6den dienen sowohl der Warenlagerung als auch der Personenmobilit\u00e4t und steigern so die betriebliche Effizienz erheblich.<\/p><\/div><\/div>\t\t\t\t<\/div>\n\t\t\t\t<\/div>\n\t\t\t\t<\/div>\n\t\t\t\t\t<\/div>\n\t\t\t\t<\/div>\n\t\t\t\t<\/div>\n\t\t","protected":false},"excerpt":{"rendered":"<p>Regalsysteme Entwickelt f\u00fcr Sicherheit, Langlebigkeit und maximale Effizienz. Unsere Regalsysteme wurden entwickelt, um Ihre Lagerfl\u00e4chen optimal zu nutzen. Mit ihrer hohen Tragf\u00e4higkeit, ihrem modularen Aufbau und ihrer langlebigen Materialqualit\u00e4t passen sie sich jeder Branche perfekt an. Von Schwerlastlagern \u00fcber Textil- und Apothekenregale bis hin zu Logistikzentren und Einzelhandelslagern bieten wir ma\u00dfgeschneiderte L\u00f6sungen f\u00fcr all Ihre [&hellip;]<\/p>\n","protected":false},"author":1,"featured_media":0,"parent":441,"menu_order":0,"comment_status":"closed","ping_status":"closed","template":"","meta":{"footnotes":""},"class_list":["post-399","page","type-page","status-publish","hentry"],"_links":{"self":[{"href":"https:\/\/brbgroup.bbaajans.com\/de\/wp-json\/wp\/v2\/pages\/399","targetHints":{"allow":["GET"]}}],"collection":[{"href":"https:\/\/brbgroup.bbaajans.com\/de\/wp-json\/wp\/v2\/pages"}],"about":[{"href":"https:\/\/brbgroup.bbaajans.com\/de\/wp-json\/wp\/v2\/types\/page"}],"author":[{"embeddable":true,"href":"https:\/\/brbgroup.bbaajans.com\/de\/wp-json\/wp\/v2\/users\/1"}],"replies":[{"embeddable":true,"href":"https:\/\/brbgroup.bbaajans.com\/de\/wp-json\/wp\/v2\/comments?post=399"}],"version-history":[{"count":4,"href":"https:\/\/brbgroup.bbaajans.com\/de\/wp-json\/wp\/v2\/pages\/399\/revisions"}],"predecessor-version":[{"id":408,"href":"https:\/\/brbgroup.bbaajans.com\/de\/wp-json\/wp\/v2\/pages\/399\/revisions\/408"}],"up":[{"embeddable":true,"href":"https:\/\/brbgroup.bbaajans.com\/de\/wp-json\/wp\/v2\/pages\/441"}],"wp:attachment":[{"href":"https:\/\/brbgroup.bbaajans.com\/de\/wp-json\/wp\/v2\/media?parent=399"}],"curies":[{"name":"wp","href":"https:\/\/api.w.org\/{rel}","templated":true}]}}