{"id":387,"date":"2026-02-08T14:33:15","date_gmt":"2026-02-08T14:33:15","guid":{"rendered":"https:\/\/brbgroup.bbaajans.com\/?page_id=387"},"modified":"2026-02-26T23:46:33","modified_gmt":"2026-02-26T23:46:33","slug":"brb-beschichtung","status":"publish","type":"page","link":"https:\/\/brbgroup.bbaajans.com\/de\/unsere-leistungen\/brb-beschichtung\/","title":{"rendered":"BRB Beschichtung"},"content":{"rendered":"\t\t<div data-elementor-type=\"wp-page\" data-elementor-id=\"387\" class=\"elementor elementor-387\" data-elementor-post-type=\"page\">\n\t\t\t\t<div class=\"elementor-element elementor-element-085d564 e-flex e-con-boxed e-con e-parent\" data-id=\"085d564\" data-element_type=\"container\" data-e-type=\"container\" data-settings=\"{&quot;background_background&quot;:&quot;classic&quot;}\">\n\t\t\t\t\t<div class=\"e-con-inner\">\n\t\t<div class=\"elementor-element elementor-element-56a1563 e-con-full e-flex e-con e-child\" data-id=\"56a1563\" data-element_type=\"container\" data-e-type=\"container\">\n\t\t\t\t<div class=\"elementor-element elementor-element-e214357 elementor-widget elementor-widget-heading\" data-id=\"e214357\" data-element_type=\"widget\" data-e-type=\"widget\" data-widget_type=\"heading.default\">\n\t\t\t\t\t<h1 class=\"elementor-heading-title elementor-size-default\">BRB Beschichtung <br> \n\nMaximale Best\u00e4ndigkeit und \u00c4sthetik auf Oberfl\u00e4chen.<\/h1>\t\t\t\t<\/div>\n\t\t\t\t<div class=\"elementor-element elementor-element-d8d6ead elementor-widget elementor-widget-text-editor\" data-id=\"d8d6ead\" data-element_type=\"widget\" data-e-type=\"widget\" data-widget_type=\"text-editor.default\">\n\t\t\t\t\t\t\t\t\t<p>Unsere Pulverbeschichtungs- und elektrostatischen Beschichtungssysteme eignen sich f\u00fcr Metalloberfl\u00e4chen. Hohe Festigkeit, perfekte \u00c4sthetik und langanhaltender Schutz Es handelt sich um eine moderne Beschichtungstechnologie. Diese Anwendungen, die sich durch hohe Haftfestigkeit, Schlag- und Kratzfestigkeit auszeichnen, werden in einem breiten Anwendungsgebiet eingesetzt, von Lagerregalen \u00fcber Stahlbauteile und Industriemaschinenteile bis hin zu dekorativen Oberfl\u00e4chen.<\/p>\t\t\t\t\t\t\t\t<\/div>\n\t\t<div class=\"elementor-element elementor-element-ef606ba e-con-full e-flex e-con e-child\" data-id=\"ef606ba\" data-element_type=\"container\" data-e-type=\"container\">\n\t\t\t\t<div class=\"elementor-element elementor-element-f3fc098 elementor-icon-list--layout-traditional elementor-list-item-link-full_width elementor-widget elementor-widget-icon-list\" data-id=\"f3fc098\" data-element_type=\"widget\" data-e-type=\"widget\" data-widget_type=\"icon-list.default\">\n\t\t\t\t\t\t\t<ul class=\"elementor-icon-list-items\">\n\t\t\t\t\t\t\t<li class=\"elementor-icon-list-item\">\n\t\t\t\t\t\t\t\t\t\t\t<span class=\"elementor-icon-list-icon\">\n\t\t\t\t\t\t\t<svg aria-hidden=\"true\" class=\"e-font-icon-svg e-fas-check-circle\" viewBox=\"0 0 512 512\" xmlns=\"http:\/\/www.w3.org\/2000\/svg\"><path d=\"M504 256c0 136.967-111.033 248-248 248S8 392.967 8 256 119.033 8 256 8s248 111.033 248 248zM227.314 387.314l184-184c6.248-6.248 6.248-16.379 0-22.627l-22.627-22.627c-6.248-6.249-16.379-6.249-22.628 0L216 308.118l-70.059-70.059c-6.248-6.248-16.379-6.248-22.628 0l-22.627 22.627c-6.248 6.248-6.248 16.379 0 22.627l104 104c6.249 6.249 16.379 6.249 22.628.001z\"><\/path><\/svg>\t\t\t\t\t\t<\/span>\n\t\t\t\t\t\t\t\t\t\t<span class=\"elementor-icon-list-text\">Widerstandsf\u00e4hig, Formsch\u00f6n und Funktional<\/span>\n\t\t\t\t\t\t\t\t\t<\/li>\n\t\t\t\t\t\t\t\t<li class=\"elementor-icon-list-item\">\n\t\t\t\t\t\t\t\t\t\t\t<span class=\"elementor-icon-list-icon\">\n\t\t\t\t\t\t\t<svg aria-hidden=\"true\" class=\"e-font-icon-svg e-fas-check-circle\" viewBox=\"0 0 512 512\" xmlns=\"http:\/\/www.w3.org\/2000\/svg\"><path d=\"M504 256c0 136.967-111.033 248-248 248S8 392.967 8 256 119.033 8 256 8s248 111.033 248 248zM227.314 387.314l184-184c6.248-6.248 6.248-16.379 0-22.627l-22.627-22.627c-6.248-6.249-16.379-6.249-22.628 0L216 308.118l-70.059-70.059c-6.248-6.248-16.379-6.248-22.628 0l-22.627 22.627c-6.248 6.248-6.248 16.379 0 22.627l104 104c6.249 6.249 16.379 6.249 22.628.001z\"><\/path><\/svg>\t\t\t\t\t\t<\/span>\n\t\t\t\t\t\t\t\t\t\t<span class=\"elementor-icon-list-text\">Hohe Performance<\/span>\n\t\t\t\t\t\t\t\t\t<\/li>\n\t\t\t\t\t\t\t\t<li class=\"elementor-icon-list-item\">\n\t\t\t\t\t\t\t\t\t\t\t<a href=\"http:\/\/Zuverl\u00e4ssiges%20Design\">\n\n\t\t\t\t\t\t\t\t\t\t\t\t<span class=\"elementor-icon-list-icon\">\n\t\t\t\t\t\t\t<svg aria-hidden=\"true\" class=\"e-font-icon-svg e-fas-check-circle\" viewBox=\"0 0 512 512\" xmlns=\"http:\/\/www.w3.org\/2000\/svg\"><path d=\"M504 256c0 136.967-111.033 248-248 248S8 392.967 8 256 119.033 8 256 8s248 111.033 248 248zM227.314 387.314l184-184c6.248-6.248 6.248-16.379 0-22.627l-22.627-22.627c-6.248-6.249-16.379-6.249-22.628 0L216 308.118l-70.059-70.059c-6.248-6.248-16.379-6.248-22.628 0l-22.627 22.627c-6.248 6.248-6.248 16.379 0 22.627l104 104c6.249 6.249 16.379 6.249 22.628.001z\"><\/path><\/svg>\t\t\t\t\t\t<\/span>\n\t\t\t\t\t\t\t\t\t\t<span class=\"elementor-icon-list-text\">G\u00fcvenilir Tasar\u0131m<\/span>\n\t\t\t\t\t\t\t\t\t\t\t<\/a>\n\t\t\t\t\t\t\t\t\t<\/li>\n\t\t\t\t\t\t\t\t<li class=\"elementor-icon-list-item\">\n\t\t\t\t\t\t\t\t\t\t\t<span class=\"elementor-icon-list-icon\">\n\t\t\t\t\t\t\t<svg aria-hidden=\"true\" class=\"e-font-icon-svg e-fas-check-circle\" viewBox=\"0 0 512 512\" xmlns=\"http:\/\/www.w3.org\/2000\/svg\"><path d=\"M504 256c0 136.967-111.033 248-248 248S8 392.967 8 256 119.033 8 256 8s248 111.033 248 248zM227.314 387.314l184-184c6.248-6.248 6.248-16.379 0-22.627l-22.627-22.627c-6.248-6.249-16.379-6.249-22.628 0L216 308.118l-70.059-70.059c-6.248-6.248-16.379-6.248-22.628 0l-22.627 22.627c-6.248 6.248-6.248 16.379 0 22.627l104 104c6.249 6.249 16.379 6.249 22.628.001z\"><\/path><\/svg>\t\t\t\t\t\t<\/span>\n\t\t\t\t\t\t\t\t\t\t<span class=\"elementor-icon-list-text\">Zukunftsweisende Lagerung<\/span>\n\t\t\t\t\t\t\t\t\t<\/li>\n\t\t\t\t\t\t<\/ul>\n\t\t\t\t\t\t<\/div>\n\t\t\t\t<\/div>\n\t\t\t\t<\/div>\n\t\t<div class=\"elementor-element elementor-element-acf0036 e-con-full e-flex e-con e-child\" data-id=\"acf0036\" data-element_type=\"container\" data-e-type=\"container\">\n\t\t\t\t<div class=\"elementor-element elementor-element-72fac85 elementor-button-align-stretch elementor-widget elementor-widget-form\" data-id=\"72fac85\" data-element_type=\"widget\" data-e-type=\"widget\" data-settings=\"{&quot;step_next_label&quot;:&quot;Next&quot;,&quot;step_previous_label&quot;:&quot;Previous&quot;,&quot;button_width&quot;:&quot;100&quot;,&quot;step_type&quot;:&quot;number_text&quot;,&quot;step_icon_shape&quot;:&quot;circle&quot;}\" data-widget_type=\"form.default\">\n\t\t\t\t\t\t\t<form class=\"elementor-form\" method=\"post\" name=\"Iletisim - BRB Colours\" aria-label=\"Iletisim - BRB Colours\">\n\t\t\t<input type=\"hidden\" name=\"post_id\" value=\"387\"\/>\n\t\t\t<input type=\"hidden\" name=\"form_id\" value=\"72fac85\"\/>\n\t\t\t<input type=\"hidden\" name=\"referer_title\" value=\"\" \/>\n\n\t\t\t\n\t\t\t<div class=\"elementor-form-fields-wrapper elementor-labels-\">\n\t\t\t\t\t\t\t\t<div class=\"elementor-field-type-text elementor-field-group elementor-column elementor-field-group-name elementor-col-100 elementor-field-required\">\n\t\t\t\t\t\t\t\t\t\t\t\t<label for=\"form-field-name\" class=\"elementor-field-label elementor-screen-only\">\n\t\t\t\t\t\t\t\t\u0130sim\t\t\t\t\t\t\t<\/label>\n\t\t\t\t\t\t\t\t\t\t\t\t\t\t<input size=\"1\" type=\"text\" name=\"form_fields[name]\" id=\"form-field-name\" class=\"elementor-field elementor-size-sm  elementor-field-textual\" placeholder=\"\u0130sim Soyisim\" required=\"required\">\n\t\t\t\t\t\t\t\t\t\t\t<\/div>\n\t\t\t\t\t\t\t\t<div class=\"elementor-field-type-text elementor-field-group elementor-column elementor-field-group-field_a54d6b2 elementor-col-100 elementor-field-required\">\n\t\t\t\t\t\t\t\t\t\t\t\t<label for=\"form-field-field_a54d6b2\" class=\"elementor-field-label elementor-screen-only\">\n\t\t\t\t\t\t\t\t\u015eirket\t\t\t\t\t\t\t<\/label>\n\t\t\t\t\t\t\t\t\t\t\t\t\t\t<input size=\"1\" type=\"text\" name=\"form_fields[field_a54d6b2]\" id=\"form-field-field_a54d6b2\" class=\"elementor-field elementor-size-sm  elementor-field-textual\" placeholder=\"\u015eirket\" required=\"required\">\n\t\t\t\t\t\t\t\t\t\t\t<\/div>\n\t\t\t\t\t\t\t\t<div class=\"elementor-field-type-email elementor-field-group elementor-column elementor-field-group-email elementor-col-100 elementor-field-required\">\n\t\t\t\t\t\t\t\t\t\t\t\t<label for=\"form-field-email\" class=\"elementor-field-label elementor-screen-only\">\n\t\t\t\t\t\t\t\tEmail\t\t\t\t\t\t\t<\/label>\n\t\t\t\t\t\t\t\t\t\t\t\t\t\t<input size=\"1\" type=\"email\" name=\"form_fields[email]\" id=\"form-field-email\" class=\"elementor-field elementor-size-sm  elementor-field-textual\" placeholder=\"Email\" required=\"required\">\n\t\t\t\t\t\t\t\t\t\t\t<\/div>\n\t\t\t\t\t\t\t\t<div class=\"elementor-field-type-tel elementor-field-group elementor-column elementor-field-group-field_9d481ea elementor-col-100 elementor-field-required\">\n\t\t\t\t\t\t\t\t\t\t\t\t<label for=\"form-field-field_9d481ea\" class=\"elementor-field-label elementor-screen-only\">\n\t\t\t\t\t\t\t\tTelefon\t\t\t\t\t\t\t<\/label>\n\t\t\t\t\t\t\t\t<input size=\"1\" type=\"tel\" name=\"form_fields[field_9d481ea]\" id=\"form-field-field_9d481ea\" class=\"elementor-field elementor-size-sm  elementor-field-textual\" placeholder=\"Telefon\" required=\"required\" pattern=\"[0-9()#&amp;+*-=.]+\" title=\"Nur Nummern oder Telefon-Zeichen (#, -, *, etc) werden akzeptiert.\">\n\n\t\t\t\t\t\t<\/div>\n\t\t\t\t\t\t\t\t<div class=\"elementor-field-type-select elementor-field-group elementor-column elementor-field-group-field_a94bc16 elementor-col-100 elementor-field-required\">\n\t\t\t\t\t\t\t\t\t\t\t\t<label for=\"form-field-field_a94bc16\" class=\"elementor-field-label elementor-screen-only\">\n\t\t\t\t\t\t\t\tKonu\t\t\t\t\t\t\t<\/label>\n\t\t\t\t\t\t\t\t<div class=\"elementor-field elementor-select-wrapper remove-before \">\n\t\t\t<div class=\"select-caret-down-wrapper\">\n\t\t\t\t<svg aria-hidden=\"true\" class=\"e-font-icon-svg e-eicon-caret-down\" viewBox=\"0 0 571.4 571.4\" xmlns=\"http:\/\/www.w3.org\/2000\/svg\"><path d=\"M571 393Q571 407 561 418L311 668Q300 679 286 679T261 668L11 418Q0 407 0 393T11 368 36 357H536Q550 357 561 368T571 393Z\"><\/path><\/svg>\t\t\t<\/div>\n\t\t\t<select name=\"form_fields[field_a94bc16]\" id=\"form-field-field_a94bc16\" class=\"elementor-field-textual elementor-size-sm\" required=\"required\">\n\t\t\t\t\t\t\t\t\t<option value=\"\u00d6zel Projeler\">\u00d6zel Projeler<\/option>\n\t\t\t\t\t\t\t\t\t<option value=\"Genel Bilgi Talebi\">Genel Bilgi Talebi<\/option>\n\t\t\t\t\t\t\t\t\t<option value=\"Raflar\">Raflar<\/option>\n\t\t\t\t\t\t\t\t\t<option value=\"\u00c7elik Konstr\u00fcksiyon\">\u00c7elik Konstr\u00fcksiyon<\/option>\n\t\t\t\t\t\t\t\t\t<option value=\"Sac \u0130\u015fleme Merkezi\">Sac \u0130\u015fleme Merkezi<\/option>\n\t\t\t\t\t\t\t\t\t<option value=\"BRB Colours\">BRB Colours<\/option>\n\t\t\t\t\t\t\t<\/select>\n\t\t<\/div>\n\t\t\t\t\t\t<\/div>\n\t\t\t\t\t\t\t\t<div class=\"elementor-field-type-textarea elementor-field-group elementor-column elementor-field-group-message elementor-col-100\">\n\t\t\t\t\t\t\t\t\t\t\t\t<label for=\"form-field-message\" class=\"elementor-field-label elementor-screen-only\">\n\t\t\t\t\t\t\t\tMesaj\t\t\t\t\t\t\t<\/label>\n\t\t\t\t\t\t<textarea class=\"elementor-field-textual elementor-field  elementor-size-sm\" name=\"form_fields[message]\" id=\"form-field-message\" rows=\"4\" placeholder=\"Varsa ek detaylar...\"><\/textarea>\t\t\t\t<\/div>\n\t\t\t\t\t\t\t\t<div class=\"elementor-field-group elementor-column elementor-field-type-submit elementor-col-100 e-form__buttons\">\n\t\t\t\t\t<button class=\"elementor-button elementor-size-sm\" type=\"submit\">\n\t\t\t\t\t\t<span class=\"elementor-button-content-wrapper\">\n\t\t\t\t\t\t\t\t\t\t\t\t\t\t\t<span class=\"elementor-button-icon\">\n\t\t\t\t\t\t\t\t\t<svg aria-hidden=\"true\" class=\"e-font-icon-svg e-fas-arrow-right\" viewBox=\"0 0 448 512\" xmlns=\"http:\/\/www.w3.org\/2000\/svg\"><path d=\"M190.5 66.9l22.2-22.2c9.4-9.4 24.6-9.4 33.9 0L441 239c9.4 9.4 9.4 24.6 0 33.9L246.6 467.3c-9.4 9.4-24.6 9.4-33.9 0l-22.2-22.2c-9.5-9.5-9.3-25 .4-34.3L311.4 296H24c-13.3 0-24-10.7-24-24v-32c0-13.3 10.7-24 24-24h287.4L190.9 101.2c-9.8-9.3-10-24.8-.4-34.3z\"><\/path><\/svg>\t\t\t\t\t\t\t\t\t\t\t\t\t\t\t\t\t<\/span>\n\t\t\t\t\t\t\t\t\t\t\t\t\t\t\t\t\t\t\t\t\t\t<span class=\"elementor-button-text\">G\u00f6nder<\/span>\n\t\t\t\t\t\t\t\t\t\t\t\t\t<\/span>\n\t\t\t\t\t<\/button>\n\t\t\t\t<\/div>\n\t\t\t<\/div>\n\t\t<\/form>\n\t\t\t\t\t\t<\/div>\n\t\t\t\t<\/div>\n\t\t\t\t\t<\/div>\n\t\t\t\t<\/div>\n\t\t<div class=\"elementor-element elementor-element-49e5c9e e-flex e-con-boxed e-con e-parent\" data-id=\"49e5c9e\" data-element_type=\"container\" data-e-type=\"container\">\n\t\t\t\t\t<div class=\"e-con-inner\">\n\t\t<div class=\"elementor-element elementor-element-b9cc4f2 e-con-full e-flex e-con e-child\" data-id=\"b9cc4f2\" data-element_type=\"container\" data-e-type=\"container\">\n\t\t<div class=\"elementor-element elementor-element-efb81e3 e-con-full e-flex e-con e-child\" data-id=\"efb81e3\" data-element_type=\"container\" data-e-type=\"container\">\n\t\t\t\t<div class=\"elementor-element elementor-element-b483ffc elementor-position-top elementor-widget elementor-widget-image-box\" data-id=\"b483ffc\" data-element_type=\"widget\" data-e-type=\"widget\" data-widget_type=\"image-box.default\">\n\t\t\t\t\t<div class=\"elementor-image-box-wrapper\"><figure class=\"elementor-image-box-img\"><img fetchpriority=\"high\" decoding=\"async\" width=\"1200\" height=\"630\" src=\"https:\/\/brbgroup.bbaajans.com\/wp-content\/uploads\/2026\/02\/1-6.jpg\" class=\"attachment-full size-full wp-image-215\" alt=\"\" srcset=\"https:\/\/brbgroup.bbaajans.com\/wp-content\/uploads\/2026\/02\/1-6.jpg 1200w, https:\/\/brbgroup.bbaajans.com\/wp-content\/uploads\/2026\/02\/1-6-300x158.jpg 300w, https:\/\/brbgroup.bbaajans.com\/wp-content\/uploads\/2026\/02\/1-6-1024x538.jpg 1024w, https:\/\/brbgroup.bbaajans.com\/wp-content\/uploads\/2026\/02\/1-6-768x403.jpg 768w\" sizes=\"(max-width: 1200px) 100vw, 1200px\" \/><\/figure><div class=\"elementor-image-box-content\"><h3 class=\"elementor-image-box-title\">Pulverbeschichtung und Elektrostatik<\/h3><p class=\"elementor-image-box-description\">Als BRB Group bieten wir moderne Pulverbeschichtungs- und Einbrennverfahren an, die Ihren Metalloberfl\u00e4chen erstklassigen Schutz, Langlebigkeit und eine \u00e4sthetische Optik verleihen. Besonders geeignet f\u00fcr Stahlbauelemente, industrielle Regalsysteme, Metallm\u00f6belteile und kundenspezifische Metallprodukte, bietet dieses Verfahren eine deutlich umweltfreundlichere und langlebigere L\u00f6sung im Vergleich zu herk\u00f6mmlichen Nasslacken.\n<br><br>\nDer Prozess der Pulverbeschichtung wird durch das Aush\u00e4rten bei hohen Temperaturen in einem speziellen Ofen abgeschlossen. Dieser Vorgang gew\u00e4hrleistet eine perfekte Haftung der Farbe auf dem Metall und bietet eine hohe Best\u00e4ndigkeit gegen St\u00f6\u00dfe, Kratzer, UV-Strahlen und Korrosion. Dadurch wird nicht nur die Lebensdauer Ihrer Produkte verl\u00e4ngert, sondern auch deren \u00e4sthetische Qualit\u00e4t gesteigert.\n<\/p><\/div><\/div>\t\t\t\t<\/div>\n\t\t\t\t<\/div>\n\t\t<div class=\"elementor-element elementor-element-4845442 e-con-full e-flex e-con e-child\" data-id=\"4845442\" data-element_type=\"container\" data-e-type=\"container\">\n\t\t\t\t<div class=\"elementor-element elementor-element-e4ba843 elementor-position-top elementor-widget elementor-widget-image-box\" data-id=\"e4ba843\" data-element_type=\"widget\" data-e-type=\"widget\" data-widget_type=\"image-box.default\">\n\t\t\t\t\t<div class=\"elementor-image-box-wrapper\"><figure class=\"elementor-image-box-img\"><img decoding=\"async\" width=\"1200\" height=\"630\" src=\"https:\/\/brbgroup.bbaajans.com\/wp-content\/uploads\/2026\/02\/2-6.jpg\" class=\"attachment-full size-full wp-image-216\" alt=\"\" srcset=\"https:\/\/brbgroup.bbaajans.com\/wp-content\/uploads\/2026\/02\/2-6.jpg 1200w, https:\/\/brbgroup.bbaajans.com\/wp-content\/uploads\/2026\/02\/2-6-300x158.jpg 300w, https:\/\/brbgroup.bbaajans.com\/wp-content\/uploads\/2026\/02\/2-6-1024x538.jpg 1024w, https:\/\/brbgroup.bbaajans.com\/wp-content\/uploads\/2026\/02\/2-6-768x403.jpg 768w\" sizes=\"(max-width: 1200px) 100vw, 1200px\" \/><\/figure><div class=\"elementor-image-box-content\"><h3 class=\"elementor-image-box-title\">Vorteile der elektrostatischen Einbrenntechnologie<\/h3><p class=\"elementor-image-box-description\">Exzellente Lackierqualit\u00e4t: Gew\u00e4hrleistet eine gleichm\u00e4\u00dfige Verteilung der Farbe auf der Oberfl\u00e4che und bildet eine homogene Schicht ohne L\u00e4ufer oder Tropfen.<br><br>\nMaximale Best\u00e4ndigkeit: Durch den Aush\u00e4rtungsprozess wird die physische und chemische Widerstandsf\u00e4higkeit der Beschichtung auf das h\u00f6chste Niveau gehoben.<br><br>\nLanglebiger Schutz: Bietet jahrelangen, effektiven Schutz gegen Korrosion, Verschlei\u00df und \u00e4u\u00dfere Einfl\u00fcsse.<br><br>\nUmweltfreundliche Anwendung: Im Gegensatz zu Nasslacken l\u00f6sungsmittelfrei, wodurch sch\u00e4dliche Emissionen minimiert werden.<br><br>\nSchneller und effizienter Prozess: Durch automatische Steuerungssysteme optimierte Aush\u00e4rtungszeiten beschleunigen den Produktionsfluss.<br><br>\nEnergieeffizienz: Unsere modernen \u00d6fen arbeiten hocheffizient durch W\u00e4rmeisolierung und Energier\u00fcckgewinnungssysteme.<\/p><\/div><\/div>\t\t\t\t<\/div>\n\t\t\t\t<\/div>\n\t\t\t\t<\/div>\n\t\t<div class=\"elementor-element elementor-element-3cb45b2 e-con-full e-flex e-con e-child\" data-id=\"3cb45b2\" data-element_type=\"container\" data-e-type=\"container\">\n\t\t<div class=\"elementor-element elementor-element-8c0d32a e-con-full e-flex e-con e-child\" data-id=\"8c0d32a\" data-element_type=\"container\" data-e-type=\"container\">\n\t\t\t\t<div class=\"elementor-element elementor-element-e0eca6a elementor-position-left elementor-vertical-align-top elementor-widget elementor-widget-image-box\" data-id=\"e0eca6a\" data-element_type=\"widget\" data-e-type=\"widget\" data-widget_type=\"image-box.default\">\n\t\t\t\t\t<div class=\"elementor-image-box-wrapper\"><figure class=\"elementor-image-box-img\"><img decoding=\"async\" width=\"1200\" height=\"630\" src=\"https:\/\/brbgroup.bbaajans.com\/wp-content\/uploads\/2026\/02\/3-6.jpg\" class=\"attachment-full size-full wp-image-217\" alt=\"\" srcset=\"https:\/\/brbgroup.bbaajans.com\/wp-content\/uploads\/2026\/02\/3-6.jpg 1200w, https:\/\/brbgroup.bbaajans.com\/wp-content\/uploads\/2026\/02\/3-6-300x158.jpg 300w, https:\/\/brbgroup.bbaajans.com\/wp-content\/uploads\/2026\/02\/3-6-1024x538.jpg 1024w, https:\/\/brbgroup.bbaajans.com\/wp-content\/uploads\/2026\/02\/3-6-768x403.jpg 768w\" sizes=\"(max-width: 1200px) 100vw, 1200px\" \/><\/figure><div class=\"elementor-image-box-content\"><h3 class=\"elementor-image-box-title\">Unser Prozess<\/h3><p class=\"elementor-image-box-description\">Der Pulverbeschichtungsprozess beginnt mit der Reinigung der Metalloberfl\u00e4che von Verunreinigungen. Die chemisch vorbehandelten Teile werden in einer Beschichtungskabine mittels elektrostatischer Verfahren mit Pulverlack beschichtet.<br><br>Anschlie\u00dfend erfolgt die Aush\u00e4rtung in unseren Hochtemperatur\u00f6fen (in der Regel zwischen 180\u00b0C \u2013 200\u00b0C), um eine dauerhafte Haftung der Farbe auf der Metalloberfl\u00e4che zu gew\u00e4hrleisten. Dieser Vorgang bewirkt die Polymerisation des Lackes und bildet eine hochbelastbare Schutzschicht.<\/p><\/div><\/div>\t\t\t\t<\/div>\n\t\t\t\t<\/div>\n\t\t\t\t<\/div>\n\t\t\t\t\t<\/div>\n\t\t\t\t<\/div>\n\t\t\t\t<\/div>\n\t\t","protected":false},"excerpt":{"rendered":"<p>BRB Beschichtung Maximale Best\u00e4ndigkeit und \u00c4sthetik auf Oberfl\u00e4chen. Unsere Pulverbeschichtungs- und elektrostatischen Beschichtungssysteme eignen sich f\u00fcr Metalloberfl\u00e4chen. Hohe Festigkeit, perfekte \u00c4sthetik und langanhaltender Schutz Es handelt sich um eine moderne Beschichtungstechnologie. Diese Anwendungen, die sich durch hohe Haftfestigkeit, Schlag- und Kratzfestigkeit auszeichnen, werden in einem breiten Anwendungsgebiet eingesetzt, von Lagerregalen \u00fcber Stahlbauteile und Industriemaschinenteile bis [&hellip;]<\/p>\n","protected":false},"author":1,"featured_media":0,"parent":441,"menu_order":0,"comment_status":"closed","ping_status":"closed","template":"","meta":{"footnotes":""},"class_list":["post-387","page","type-page","status-publish","hentry"],"_links":{"self":[{"href":"https:\/\/brbgroup.bbaajans.com\/de\/wp-json\/wp\/v2\/pages\/387","targetHints":{"allow":["GET"]}}],"collection":[{"href":"https:\/\/brbgroup.bbaajans.com\/de\/wp-json\/wp\/v2\/pages"}],"about":[{"href":"https:\/\/brbgroup.bbaajans.com\/de\/wp-json\/wp\/v2\/types\/page"}],"author":[{"embeddable":true,"href":"https:\/\/brbgroup.bbaajans.com\/de\/wp-json\/wp\/v2\/users\/1"}],"replies":[{"embeddable":true,"href":"https:\/\/brbgroup.bbaajans.com\/de\/wp-json\/wp\/v2\/comments?post=387"}],"version-history":[{"count":4,"href":"https:\/\/brbgroup.bbaajans.com\/de\/wp-json\/wp\/v2\/pages\/387\/revisions"}],"predecessor-version":[{"id":394,"href":"https:\/\/brbgroup.bbaajans.com\/de\/wp-json\/wp\/v2\/pages\/387\/revisions\/394"}],"up":[{"embeddable":true,"href":"https:\/\/brbgroup.bbaajans.com\/de\/wp-json\/wp\/v2\/pages\/441"}],"wp:attachment":[{"href":"https:\/\/brbgroup.bbaajans.com\/de\/wp-json\/wp\/v2\/media?parent=387"}],"curies":[{"name":"wp","href":"https:\/\/api.w.org\/{rel}","templated":true}]}}